{"id":115,"date":"2021-01-29T15:20:07","date_gmt":"2021-01-29T14:20:07","guid":{"rendered":"https:\/\/www.dolkbg.net\/wordpress\/?page_id=115"},"modified":"2021-05-03T11:33:22","modified_gmt":"2021-05-03T10:33:22","slug":"styringsgruppen","status":"publish","type":"page","link":"https:\/\/nuam.usn.no\/index.php\/styringsgruppen\/","title":{"rendered":"Styringsgruppen"},"content":{"rendered":"\n<p>Prosjektet har med deltagere fra flere forskjellige organisasjoner og klynger som alle har interesse i utviklingen nye transportformer basert p\u00e5 droner i urbane str\u00f8k. Styringsgruppen best\u00e5r av representanter fra f\u00f8lgende organisasjoner og institusjoner:<\/p>\n\n\n\n<ul class=\"wp-block-list\"><li>Universitetet i S\u00f8r\u00f8st-Norge<br>Olaf Hallan Graven, Professor i Computer Science, Instituttet for Realfag og Industrisystemer<\/li><li>Avinor Flysikring<br>Axel Knutsen, Visepresident UTM<\/li><li>SAMS Norway<br>Torun Degnes, Daglig leder <\/li><li>Norway Health Tech<br>Odd Arild Lehne, R\u00e5dgiver Innovasjonsprosjekter <\/li><li>ITS Norway<br>Trond Hovland, Adm. dir. <\/li><li>Kongsberg kommune<br>Ingar Vaskinn, N\u00e6ringssjef<\/li><li>Oslo kommune<br>Morten Fraas, Seniorr\u00e5dgiver i Avd. for N\u00e6ringsutvikling <br><\/li><\/ul>\n\n\n\n<p>Det avholdes regelmessige m\u00f8ter med styringsgruppen hvor prosjektet presenterer status og videre l\u00f8p fremover.<\/p>\n\n\n\n<div class=\"wp-block-group\"><div class=\"wp-block-group__inner-container is-layout-flow wp-block-group-is-layout-flow\">\n<p style=\"padding-left: 40px;\">&nbsp; <img loading=\"lazy\" decoding=\"async\" class=\"alignnone  wp-image-847\" src=\"https:\/\/nuam.usn.no\/wp-content\/uploads\/2021\/04\/Avinor-Logo-e1618566722632.png\" alt=\"\" width=\"121\" height=\"63\"> <img loading=\"lazy\" decoding=\"async\" class=\"alignnone  wp-image-849\" src=\"https:\/\/nuam.usn.no\/wp-content\/uploads\/2021\/04\/Norway-Health-Tech-Logo.png\" alt=\"\" width=\"154\" height=\"64\" srcset=\"https:\/\/nuam.usn.no\/wp-content\/uploads\/2021\/04\/Norway-Health-Tech-Logo.png 348w, https:\/\/nuam.usn.no\/wp-content\/uploads\/2021\/04\/Norway-Health-Tech-Logo-300x125.png 300w\" sizes=\"auto, (max-width: 154px) 100vw, 154px\" \/> <img loading=\"lazy\" decoding=\"async\" class=\"alignnone  wp-image-848\" src=\"https:\/\/nuam.usn.no\/wp-content\/uploads\/2021\/04\/ITS_NORWAY_LOGO.png\" alt=\"\" width=\"182\" height=\"64\" srcset=\"https:\/\/nuam.usn.no\/wp-content\/uploads\/2021\/04\/ITS_NORWAY_LOGO.png 379w, https:\/\/nuam.usn.no\/wp-content\/uploads\/2021\/04\/ITS_NORWAY_LOGO-300x105.png 300w\" sizes=\"auto, (max-width: 182px) 100vw, 182px\" \/> <img loading=\"lazy\" decoding=\"async\" class=\"alignnone  wp-image-850\" src=\"https:\/\/nuam.usn.no\/wp-content\/uploads\/2021\/04\/Sams-logo-header-980x406-1.png\" alt=\"\" width=\"154\" height=\"64\" srcset=\"https:\/\/nuam.usn.no\/wp-content\/uploads\/2021\/04\/Sams-logo-header-980x406-1.png 980w, https:\/\/nuam.usn.no\/wp-content\/uploads\/2021\/04\/Sams-logo-header-980x406-1-300x124.png 300w, https:\/\/nuam.usn.no\/wp-content\/uploads\/2021\/04\/Sams-logo-header-980x406-1-768x318.png 768w\" sizes=\"auto, (max-width: 154px) 100vw, 154px\" \/><\/p>\n<p style=\"padding-left: 240px;\"><img loading=\"lazy\" decoding=\"async\" class=\"alignnone  wp-image-80\" src=\"https:\/\/nuam.usn.no\/wp-content\/uploads\/2021\/01\/cropped-USN_logo_rgb.png\" alt=\"\" width=\"186\" height=\"66\"><img loading=\"lazy\" decoding=\"async\" class=\"wp-image-77 alignleft\" src=\"https:\/\/nuam.usn.no\/wp-content\/uploads\/2021\/01\/oslo-kommune-logo-e1611906501704.png\" alt=\"\" width=\"69\" height=\"82\"><img loading=\"lazy\" decoding=\"async\" class=\"wp-image-76 alignleft\" src=\"https:\/\/nuam.usn.no\/wp-content\/uploads\/2021\/01\/Kongsberg_kommune-logo-e1611908092155.png\" alt=\"\" width=\"72\" height=\"72\"><\/p>\n\n\n\n<p><\/p>\n<\/div><\/div>\n\n\n\n<p><\/p>\n","protected":false},"excerpt":{"rendered":"<p>Prosjektet har med deltagere fra flere forskjellige organisasjoner og klynger som alle har interesse i utviklingen nye transportformer basert p\u00e5 droner i urbane str\u00f8k. Styringsgruppen best\u00e5r av representanter fra f\u00f8lgende organisasjoner og institusjoner: Universitetet i S\u00f8r\u00f8st-NorgeOlaf Hallan Graven, Professor i Computer Science, Instituttet for Realfag og Industrisystemer Avinor FlysikringAxel Knutsen, Visepresident UTM SAMS NorwayTorun Degnes, Daglig leder Norway Health TechOdd Arild Lehne, R\u00e5dgiver Innovasjonsprosjekter ITS NorwayTrond Hovland, Adm. dir. Kongsberg kommuneIngar Vaskinn, N\u00e6ringssjef Oslo kommuneMorten &hellip; <\/p>\n<p class=\"link-more\"><a href=\"https:\/\/nuam.usn.no\/index.php\/styringsgruppen\/\" class=\"more-link btn btn-default\" title=\"Styringsgruppen\" data-toggle=\"tooltip\" data-placement=\"bottom\" aria-hidden=\"true\"><span class=\"fa fa-eye\"><\/span> Continue reading<\/a><\/p>\n","protected":false},"author":1,"featured_media":871,"parent":0,"menu_order":0,"comment_status":"closed","ping_status":"closed","template":"","meta":{"footnotes":""},"class_list":["post-115","page","type-page","status-publish","has-post-thumbnail","hentry"],"_links":{"self":[{"href":"https:\/\/nuam.usn.no\/index.php\/wp-json\/wp\/v2\/pages\/115","targetHints":{"allow":["GET"]}}],"collection":[{"href":"https:\/\/nuam.usn.no\/index.php\/wp-json\/wp\/v2\/pages"}],"about":[{"href":"https:\/\/nuam.usn.no\/index.php\/wp-json\/wp\/v2\/types\/page"}],"author":[{"embeddable":true,"href":"https:\/\/nuam.usn.no\/index.php\/wp-json\/wp\/v2\/users\/1"}],"replies":[{"embeddable":true,"href":"https:\/\/nuam.usn.no\/index.php\/wp-json\/wp\/v2\/comments?post=115"}],"version-history":[{"count":11,"href":"https:\/\/nuam.usn.no\/index.php\/wp-json\/wp\/v2\/pages\/115\/revisions"}],"predecessor-version":[{"id":968,"href":"https:\/\/nuam.usn.no\/index.php\/wp-json\/wp\/v2\/pages\/115\/revisions\/968"}],"wp:featuredmedia":[{"embeddable":true,"href":"https:\/\/nuam.usn.no\/index.php\/wp-json\/wp\/v2\/media\/871"}],"wp:attachment":[{"href":"https:\/\/nuam.usn.no\/index.php\/wp-json\/wp\/v2\/media?parent=115"}],"curies":[{"name":"wp","href":"https:\/\/api.w.org\/{rel}","templated":true}]}}