{"id":127,"date":"2021-02-04T11:23:08","date_gmt":"2021-02-04T10:23:08","guid":{"rendered":"https:\/\/www.dolkbg.net\/wordpress\/?page_id=127"},"modified":"2021-04-06T14:38:39","modified_gmt":"2021-04-06T13:38:39","slug":"hva-er-uam","status":"publish","type":"page","link":"https:\/\/nuam.usn.no\/index.php\/hva-er-uam\/","title":{"rendered":"Hva er Urban Air Mobility?"},"content":{"rendered":"\n<p class=\"has-text-align-right has-small-font-size\">Bilde over: Hyundai Future Mobility Vision UAM PVB HUB<\/p>\n\n\n\n<div class=\"wp-block-image\"><figure class=\"alignright size-large is-resized\"><img loading=\"lazy\" decoding=\"async\" src=\"https:\/\/nuam.usn.no\/wp-content\/uploads\/2021\/02\/image_2021-02-04_110515-e1612433143253.png\" alt=\"\" class=\"wp-image-128\" width=\"219\" height=\"138\"\/><figcaption><strong>Airbus CityAirbus<\/strong><\/figcaption><\/figure><\/div>\n\n\n\n<p>UAM st\u00e5r for Urban Air Mobility, i utgangspunkt et transportsystem for forflytning av mennesker og last i byer og tettbebygde str\u00f8k utviklet for \u00e5 l\u00f8se de trafikkbegrensninger som i dag finnes i det tradisjonelle veinettet.<br><br>Konseptet om urban lufttrafikk er allerede implementert i noen av verdens st\u00f8rste byer, vanligvis som bemannede helikopter-flyvninger. Disse er som oftest forbundet med h\u00f8ye transportkostnader, mye st\u00f8y og er sterkt forurensende. Et fremtidig UAM-konsept m\u00e5 v\u00e6re basert kliman\u00f8ytral og ikke-forurensende framdrift og operere innenfor akseptable grenser for st\u00f8y og v\u00e6re tilgjengelig for byens innbyggere.<\/p>\n\n\n\n<p>De fleste av dagens aktuelle l\u00f8sninger er av typen VTOL (Vertical Take-Off and Landing) og er i hovedsak basert p\u00e5 flere elektrisk-drevne rotorer for \u00e5 redusere st\u00f8y og bedre sikkerheten. Vi ser for oss at de i fremtiden ogs\u00e5 blir autonome fart\u00f8yer, det vil si at de flyr passasjerer og last uten at det finnes en pilot ombord eller p\u00e5 bakken som styrer fart\u00f8yene. For \u00e5 f\u00e5 til dette s\u00e5 m\u00e5 vi utvikle ny teknologi og definere nye forskrifter og lover som kan sikre at transporten kan foreg\u00e5 med den st\u00f8rste grad av sikkerhet, tilsvarende den sikkerhet som vi i dag finner innen sivil luftfart. I tillegg m\u00e5 det etableres n\u00f8dvendig infrastruktur som tilrettelegger for UAM og det m\u00e5 utvikles styrings- og planleggingssystemer for fl\u00e5ter av fart\u00f8yer.<\/p>\n\n\n\n<div class=\"wp-block-buttons is-layout-flex wp-block-buttons-is-layout-flex\">\n<div class=\"wp-block-button\"><a class=\"wp-block-button__link\" href=\"http:\/\/158.36.73.236\/index.php\/hva-er-uam\/noen-begreper\/\">Begreper<\/a><\/div>\n\n\n\n<div class=\"wp-block-button\"><a class=\"wp-block-button__link\" href=\"\/index.php\/droneforskriften\">Droneforskriften<\/a><\/div>\n\n\n\n<div class=\"wp-block-button is-style-fill\"><a class=\"wp-block-button__link\" href=\"\/index.php\/forkortelser\/\" rel=\"http:\/\/158.36.73.236\/index.php\/forkortelser\">Forkortelser<\/a><\/div>\n<\/div>\n\n\n\n<hr class=\"wp-block-separator\"\/>\n\n\n\n<p><\/p>\n","protected":false},"excerpt":{"rendered":"<p>Bilde over: Hyundai Future Mobility Vision UAM PVB HUB UAM st\u00e5r for Urban Air Mobility, i utgangspunkt et transportsystem for forflytning av mennesker og last i byer og tettbebygde str\u00f8k utviklet for \u00e5 l\u00f8se de trafikkbegrensninger som i dag finnes i det tradisjonelle veinettet. Konseptet om urban lufttrafikk er allerede implementert i noen av verdens st\u00f8rste byer, vanligvis som bemannede helikopter-flyvninger. Disse er som oftest forbundet med h\u00f8ye transportkostnader, mye st\u00f8y og er sterkt forurensende. &hellip; <\/p>\n<p class=\"link-more\"><a href=\"https:\/\/nuam.usn.no\/index.php\/hva-er-uam\/\" class=\"more-link btn btn-default\" title=\"Hva er Urban Air Mobility?\" data-toggle=\"tooltip\" data-placement=\"bottom\" aria-hidden=\"true\"><span class=\"fa fa-eye\"><\/span> Continue reading<\/a><\/p>\n","protected":false},"author":1,"featured_media":383,"parent":0,"menu_order":0,"comment_status":"closed","ping_status":"closed","template":"","meta":{"footnotes":""},"class_list":["post-127","page","type-page","status-publish","has-post-thumbnail","hentry"],"_links":{"self":[{"href":"https:\/\/nuam.usn.no\/index.php\/wp-json\/wp\/v2\/pages\/127","targetHints":{"allow":["GET"]}}],"collection":[{"href":"https:\/\/nuam.usn.no\/index.php\/wp-json\/wp\/v2\/pages"}],"about":[{"href":"https:\/\/nuam.usn.no\/index.php\/wp-json\/wp\/v2\/types\/page"}],"author":[{"embeddable":true,"href":"https:\/\/nuam.usn.no\/index.php\/wp-json\/wp\/v2\/users\/1"}],"replies":[{"embeddable":true,"href":"https:\/\/nuam.usn.no\/index.php\/wp-json\/wp\/v2\/comments?post=127"}],"version-history":[{"count":24,"href":"https:\/\/nuam.usn.no\/index.php\/wp-json\/wp\/v2\/pages\/127\/revisions"}],"predecessor-version":[{"id":776,"href":"https:\/\/nuam.usn.no\/index.php\/wp-json\/wp\/v2\/pages\/127\/revisions\/776"}],"wp:featuredmedia":[{"embeddable":true,"href":"https:\/\/nuam.usn.no\/index.php\/wp-json\/wp\/v2\/media\/383"}],"wp:attachment":[{"href":"https:\/\/nuam.usn.no\/index.php\/wp-json\/wp\/v2\/media?parent=127"}],"curies":[{"name":"wp","href":"https:\/\/api.w.org\/{rel}","templated":true}]}}