{"id":169,"date":"2021-02-08T09:52:14","date_gmt":"2021-02-08T08:52:14","guid":{"rendered":"https:\/\/www.dolkbg.net\/wordpress\/?page_id=169"},"modified":"2021-03-08T15:25:51","modified_gmt":"2021-03-08T14:25:51","slug":"norges-dronestrategi","status":"publish","type":"page","link":"https:\/\/nuam.usn.no\/index.php\/norges-dronestrategi\/","title":{"rendered":"Norges dronestrategi"},"content":{"rendered":"\n<p>Regjeringen la fram i 2018 sin strategi for utviklingen av dronebruk i Norge. Strategien er basert p\u00e5 en tverrdepartemental gruppe sitt arbeid. F\u00f8lgende overordnede m\u00e5lsetninger ble etablert i strategien:<\/p>\n\n\n\n<div class=\"wp-block-image is-style-default\"><figure class=\"alignright size-large\"><img loading=\"lazy\" decoding=\"async\" width=\"160\" height=\"183\" src=\"http:\/\/158.36.73.236\/wp-content\/uploads\/2021\/02\/Bilde_2021-02-10_151309.png\" alt=\"\" class=\"wp-image-316\"\/><\/figure><\/div>\n\n\n\n<ul class=\"wp-block-list\"><li>Regjeringen vil arbeide for \u00e5 f\u00e5 p\u00e5 plass regelverk som p\u00e5 best mulig m\u00e5te ivaretar behovene knyttet til utvikling og bruk av droner.<\/li><li>Regjeringen vil arbeide for \u00e5 styrke sikkerhetsarbeid knyttet til dronevirksomheten, deriblant kontroll og tilsyn med droneoperat\u00f8rer.<\/li><li>Regjeringen vil arbeide for \u00e5 gj\u00f8re informasjon om regelverk lettere tilgjengelig for droneoperat\u00f8rer.<\/li><li>Regjeringen vil arbeide for \u00e5 fremme offentlig sektors bruk av droner og samarbeid med dronebransjen.<\/li><li>Regjeringen vil legge til rette for forskning, teknologiutvikling og kompetanseheving knyttet til droner og droneteknologi.<\/li><\/ul>\n\n\n\n<p>For mer detaljer om strategien se <a rel=\"noreferrer noopener\" href=\"https:\/\/www.regjeringen.no\/contentassets\/1290861a3c13432cab12057fbb6d5024\/dronestrategi.pdf\" data-type=\"URL\" data-id=\"https:\/\/www.regjeringen.no\/contentassets\/1290861a3c13432cab12057fbb6d5024\/dronestrategi.pdf\" target=\"_blank\">Regjeringens Dronestrategi 2018.<\/a><\/p>\n","protected":false},"excerpt":{"rendered":"<p>Regjeringen la fram i 2018 sin strategi for utviklingen av dronebruk i Norge. Strategien er basert p\u00e5 en tverrdepartemental gruppe sitt arbeid. F\u00f8lgende overordnede m\u00e5lsetninger ble etablert i strategien: Regjeringen vil arbeide for \u00e5 f\u00e5 p\u00e5 plass regelverk som p\u00e5 best mulig m\u00e5te ivaretar behovene knyttet til utvikling og bruk av droner. Regjeringen vil arbeide for \u00e5 styrke sikkerhetsarbeid knyttet til dronevirksomheten, deriblant kontroll og tilsyn med droneoperat\u00f8rer. Regjeringen vil arbeide for \u00e5 gj\u00f8re informasjon &hellip; <\/p>\n<p class=\"link-more\"><a href=\"https:\/\/nuam.usn.no\/index.php\/norges-dronestrategi\/\" class=\"more-link btn btn-default\" title=\"Norges dronestrategi\" data-toggle=\"tooltip\" data-placement=\"bottom\" aria-hidden=\"true\"><span class=\"fa fa-eye\"><\/span> Continue reading<\/a><\/p>\n","protected":false},"author":1,"featured_media":501,"parent":0,"menu_order":0,"comment_status":"closed","ping_status":"closed","template":"","meta":{"footnotes":""},"class_list":["post-169","page","type-page","status-publish","has-post-thumbnail","hentry"],"_links":{"self":[{"href":"https:\/\/nuam.usn.no\/index.php\/wp-json\/wp\/v2\/pages\/169","targetHints":{"allow":["GET"]}}],"collection":[{"href":"https:\/\/nuam.usn.no\/index.php\/wp-json\/wp\/v2\/pages"}],"about":[{"href":"https:\/\/nuam.usn.no\/index.php\/wp-json\/wp\/v2\/types\/page"}],"author":[{"embeddable":true,"href":"https:\/\/nuam.usn.no\/index.php\/wp-json\/wp\/v2\/users\/1"}],"replies":[{"embeddable":true,"href":"https:\/\/nuam.usn.no\/index.php\/wp-json\/wp\/v2\/comments?post=169"}],"version-history":[{"count":1,"href":"https:\/\/nuam.usn.no\/index.php\/wp-json\/wp\/v2\/pages\/169\/revisions"}],"predecessor-version":[{"id":451,"href":"https:\/\/nuam.usn.no\/index.php\/wp-json\/wp\/v2\/pages\/169\/revisions\/451"}],"wp:featuredmedia":[{"embeddable":true,"href":"https:\/\/nuam.usn.no\/index.php\/wp-json\/wp\/v2\/media\/501"}],"wp:attachment":[{"href":"https:\/\/nuam.usn.no\/index.php\/wp-json\/wp\/v2\/media?parent=169"}],"curies":[{"name":"wp","href":"https:\/\/api.w.org\/{rel}","templated":true}]}}