{"id":193,"date":"2021-02-08T12:23:06","date_gmt":"2021-02-08T11:23:06","guid":{"rendered":"https:\/\/www.dolkbg.net\/wordpress\/?page_id=193"},"modified":"2021-04-06T14:35:51","modified_gmt":"2021-04-06T13:35:51","slug":"luftfartsregulering-av-dronevirksomhet-og-flysikkerhet","status":"publish","type":"page","link":"https:\/\/nuam.usn.no\/index.php\/norges-dronestrategi\/luftfartsregulering-av-dronevirksomhet-og-flysikkerhet\/","title":{"rendered":"Luftfartsregulering av dronevirksomhet og flysikkerhet"},"content":{"rendered":"\n<h3 class=\"has-vivid-cyan-blue-color has-text-color wp-block-heading\">Regjeringen vil:<\/h3>\n\n\n\n<div class=\"wp-block-image is-style-default\"><figure class=\"alignright size-large is-resized\"><img loading=\"lazy\" decoding=\"async\" src=\"https:\/\/nuam.usn.no\/wp-content\/uploads\/2021\/02\/Flirtey-711-delivery.jpg\" alt=\"\" class=\"wp-image-217\" width=\"158\" height=\"150\"\/><figcaption>7-Eleven and Flirtey have completed the first fully autonomous drone delivery to a customer&#8217;s residence (PRNewsFoto\/7-Eleven)<\/figcaption><\/figure><\/div>\n\n\n\n<ul class=\"wp-block-list\"><li>Bidra aktivt i arbeidet med utforming av det felleseuropeiske regelverket om droner. Norske tilleggsregler skal v\u00e6re best mulig tilpasset forutsetningene for luftfart med droner i Norge.<\/li><li>Legge til rette for at Luftfartstilsynet kan m\u00f8te behovet for \u00f8kt tilsyn og kontroll med droneoperat\u00f8rer.<\/li><li>Arbeide for at droneoperat\u00f8rer blir del av sikkerhetskulturen som ellers preger luftfarten i Norge gjennom samarbeid med dronebransjen.<\/li><li>Legge til rette for at droneteknologi tas i bruk innen luftfarten i tilfeller dette vil gi en sikkerhetsgevinst.<\/li><li>Arbeide for \u00e5 gj\u00f8re totalinformasjon om regelverket (for eksempel luftfartsregler, regler om personvern, restriksjons- og verneomr\u00e5der) lett tilgjengelig for droneoperat\u00f8r.<\/li><\/ul>\n\n\n\n<p><\/p>\n","protected":false},"excerpt":{"rendered":"<p>Regjeringen vil: Bidra aktivt i arbeidet med utforming av det felleseuropeiske regelverket om droner. Norske tilleggsregler skal v\u00e6re best mulig tilpasset forutsetningene for luftfart med droner i Norge. Legge til rette for at Luftfartstilsynet kan m\u00f8te behovet for \u00f8kt tilsyn og kontroll med droneoperat\u00f8rer. Arbeide for at droneoperat\u00f8rer blir del av sikkerhetskulturen som ellers preger luftfarten i Norge gjennom samarbeid med dronebransjen. Legge til rette for at droneteknologi tas i bruk innen luftfarten i tilfeller &hellip; <\/p>\n<p class=\"link-more\"><a href=\"https:\/\/nuam.usn.no\/index.php\/norges-dronestrategi\/luftfartsregulering-av-dronevirksomhet-og-flysikkerhet\/\" class=\"more-link btn btn-default\" title=\"Luftfartsregulering av dronevirksomhet og flysikkerhet\" data-toggle=\"tooltip\" data-placement=\"bottom\" aria-hidden=\"true\"><span class=\"fa fa-eye\"><\/span> Continue reading<\/a><\/p>\n","protected":false},"author":1,"featured_media":23,"parent":169,"menu_order":1,"comment_status":"closed","ping_status":"closed","template":"","meta":{"footnotes":""},"class_list":["post-193","page","type-page","status-publish","has-post-thumbnail","hentry"],"_links":{"self":[{"href":"https:\/\/nuam.usn.no\/index.php\/wp-json\/wp\/v2\/pages\/193","targetHints":{"allow":["GET"]}}],"collection":[{"href":"https:\/\/nuam.usn.no\/index.php\/wp-json\/wp\/v2\/pages"}],"about":[{"href":"https:\/\/nuam.usn.no\/index.php\/wp-json\/wp\/v2\/types\/page"}],"author":[{"embeddable":true,"href":"https:\/\/nuam.usn.no\/index.php\/wp-json\/wp\/v2\/users\/1"}],"replies":[{"embeddable":true,"href":"https:\/\/nuam.usn.no\/index.php\/wp-json\/wp\/v2\/comments?post=193"}],"version-history":[{"count":4,"href":"https:\/\/nuam.usn.no\/index.php\/wp-json\/wp\/v2\/pages\/193\/revisions"}],"predecessor-version":[{"id":775,"href":"https:\/\/nuam.usn.no\/index.php\/wp-json\/wp\/v2\/pages\/193\/revisions\/775"}],"up":[{"embeddable":true,"href":"https:\/\/nuam.usn.no\/index.php\/wp-json\/wp\/v2\/pages\/169"}],"wp:featuredmedia":[{"embeddable":true,"href":"https:\/\/nuam.usn.no\/index.php\/wp-json\/wp\/v2\/media\/23"}],"wp:attachment":[{"href":"https:\/\/nuam.usn.no\/index.php\/wp-json\/wp\/v2\/media?parent=193"}],"curies":[{"name":"wp","href":"https:\/\/api.w.org\/{rel}","templated":true}]}}