{"id":203,"date":"2021-02-08T13:48:39","date_gmt":"2021-02-08T12:48:39","guid":{"rendered":"https:\/\/www.dolkbg.net\/wordpress\/?page_id=203"},"modified":"2021-03-08T15:30:14","modified_gmt":"2021-03-08T14:30:14","slug":"fou-kompetanse-kunnskap-og-samfunnsnytte","status":"publish","type":"page","link":"https:\/\/nuam.usn.no\/index.php\/norges-dronestrategi\/fou-kompetanse-kunnskap-og-samfunnsnytte\/","title":{"rendered":"FoU, kompetanse, kunnskap og samfunnsnytte"},"content":{"rendered":"\n<h3 class=\"has-vivid-cyan-blue-color has-text-color wp-block-heading\">Regjeringen vil:<\/h3>\n\n\n\n<ul class=\"wp-block-list\"><li>Utrede etablering av et nasjonalt kompetanse- og testsenter for droner, herunder bransjefinansiering av senteret, og legge til rette for testing og utvikling av droneflygning under krevende klimatiske forhold.<\/li><li>Sikre at dronebransjen f\u00e5r tilgang til virkemiddelapparatet for FoU og innovasjon p\u00e5 samme vilk\u00e5r som \u00f8vrige bransjer.<\/li><li>Vurdere \u00e5 etablere en felles arena for statens dronebruk for \u00e5 sikre tverrsektorielt samarbeid og optimal ressursbruk.<\/li><li>Vurdere behovet for \u00e5 styrke statens innkj\u00f8pskompetanse innen droneteknologi.<\/li><\/ul>\n\n\n\n<p class=\"has-text-align-right has-small-font-size\">Foto: TTstudio \/ Shutterstock<\/p>\n","protected":false},"excerpt":{"rendered":"<p>Regjeringen vil: Utrede etablering av et nasjonalt kompetanse- og testsenter for droner, herunder bransjefinansiering av senteret, og legge til rette for testing og utvikling av droneflygning under krevende klimatiske forhold. Sikre at dronebransjen f\u00e5r tilgang til virkemiddelapparatet for FoU og innovasjon p\u00e5 samme vilk\u00e5r som \u00f8vrige bransjer. Vurdere \u00e5 etablere en felles arena for statens dronebruk for \u00e5 sikre tverrsektorielt samarbeid og optimal ressursbruk. Vurdere behovet for \u00e5 styrke statens innkj\u00f8pskompetanse innen droneteknologi. Foto: TTstudio &hellip; <\/p>\n<p class=\"link-more\"><a href=\"https:\/\/nuam.usn.no\/index.php\/norges-dronestrategi\/fou-kompetanse-kunnskap-og-samfunnsnytte\/\" class=\"more-link btn btn-default\" title=\"FoU, kompetanse, kunnskap og samfunnsnytte\" data-toggle=\"tooltip\" data-placement=\"bottom\" aria-hidden=\"true\"><span class=\"fa fa-eye\"><\/span> Continue reading<\/a><\/p>\n","protected":false},"author":1,"featured_media":502,"parent":169,"menu_order":2,"comment_status":"closed","ping_status":"closed","template":"","meta":{"footnotes":""},"class_list":["post-203","page","type-page","status-publish","has-post-thumbnail","hentry"],"_links":{"self":[{"href":"https:\/\/nuam.usn.no\/index.php\/wp-json\/wp\/v2\/pages\/203","targetHints":{"allow":["GET"]}}],"collection":[{"href":"https:\/\/nuam.usn.no\/index.php\/wp-json\/wp\/v2\/pages"}],"about":[{"href":"https:\/\/nuam.usn.no\/index.php\/wp-json\/wp\/v2\/types\/page"}],"author":[{"embeddable":true,"href":"https:\/\/nuam.usn.no\/index.php\/wp-json\/wp\/v2\/users\/1"}],"replies":[{"embeddable":true,"href":"https:\/\/nuam.usn.no\/index.php\/wp-json\/wp\/v2\/comments?post=203"}],"version-history":[{"count":2,"href":"https:\/\/nuam.usn.no\/index.php\/wp-json\/wp\/v2\/pages\/203\/revisions"}],"predecessor-version":[{"id":503,"href":"https:\/\/nuam.usn.no\/index.php\/wp-json\/wp\/v2\/pages\/203\/revisions\/503"}],"up":[{"embeddable":true,"href":"https:\/\/nuam.usn.no\/index.php\/wp-json\/wp\/v2\/pages\/169"}],"wp:featuredmedia":[{"embeddable":true,"href":"https:\/\/nuam.usn.no\/index.php\/wp-json\/wp\/v2\/media\/502"}],"wp:attachment":[{"href":"https:\/\/nuam.usn.no\/index.php\/wp-json\/wp\/v2\/media?parent=203"}],"curies":[{"name":"wp","href":"https:\/\/api.w.org\/{rel}","templated":true}]}}