{"id":210,"date":"2021-02-08T14:25:09","date_gmt":"2021-02-08T13:25:09","guid":{"rendered":"https:\/\/www.dolkbg.net\/wordpress\/?page_id=210"},"modified":"2021-03-08T11:13:26","modified_gmt":"2021-03-08T10:13:26","slug":"tilgang-pa-luftrom-og-frekvenser","status":"publish","type":"page","link":"https:\/\/nuam.usn.no\/index.php\/norges-dronestrategi\/tilgang-pa-luftrom-og-frekvenser\/","title":{"rendered":"Tilgang p\u00e5 luftrom og frekvenser"},"content":{"rendered":"\n<h3 class=\"has-vivid-cyan-blue-color has-text-color wp-block-heading\">Regjeringen vil:<\/h3>\n\n\n\n<ul class=\"wp-block-list\"><li>V\u00e6re en aktiv p\u00e5driver for at Geo-fencing\u2013teknologi tas i bruk s\u00e5 raskt som mulig innenfor rammen av det felleseuropeiske samarbeidet.<\/li><li>Legge til rette for \u00e5 utvikle og ta i bruk l\u00f8sninger for lufttrafikkstyring av dronetrafikk og kommunikasjon med operat\u00f8rer, med m\u00e5l om p\u00e5 sikt \u00e5 f\u00e5 til full integrering av droner og annen lufttrafikk. Disse aktivitetene vil skje innenfor rammen av det felleseuropeiske samarbeidet.<\/li><li>Foreta en gjennomgang av luftfartsregelverk og praksis for hvor det skal v\u00e6re lov \u00e5 fly droner.<\/li><\/ul>\n\n\n\n<p><\/p>\n","protected":false},"excerpt":{"rendered":"<p>Regjeringen vil: V\u00e6re en aktiv p\u00e5driver for at Geo-fencing\u2013teknologi tas i bruk s\u00e5 raskt som mulig innenfor rammen av det felleseuropeiske samarbeidet. Legge til rette for \u00e5 utvikle og ta i bruk l\u00f8sninger for lufttrafikkstyring av dronetrafikk og kommunikasjon med operat\u00f8rer, med m\u00e5l om p\u00e5 sikt \u00e5 f\u00e5 til full integrering av droner og annen lufttrafikk. Disse aktivitetene vil skje innenfor rammen av det felleseuropeiske samarbeidet. Foreta en gjennomgang av luftfartsregelverk og praksis for hvor &hellip; <\/p>\n<p class=\"link-more\"><a href=\"https:\/\/nuam.usn.no\/index.php\/norges-dronestrategi\/tilgang-pa-luftrom-og-frekvenser\/\" class=\"more-link btn btn-default\" title=\"Tilgang p\u00e5 luftrom og frekvenser\" data-toggle=\"tooltip\" data-placement=\"bottom\" aria-hidden=\"true\"><span class=\"fa fa-eye\"><\/span> Continue reading<\/a><\/p>\n","protected":false},"author":1,"featured_media":456,"parent":169,"menu_order":3,"comment_status":"closed","ping_status":"closed","template":"","meta":{"footnotes":""},"class_list":["post-210","page","type-page","status-publish","has-post-thumbnail","hentry"],"_links":{"self":[{"href":"https:\/\/nuam.usn.no\/index.php\/wp-json\/wp\/v2\/pages\/210","targetHints":{"allow":["GET"]}}],"collection":[{"href":"https:\/\/nuam.usn.no\/index.php\/wp-json\/wp\/v2\/pages"}],"about":[{"href":"https:\/\/nuam.usn.no\/index.php\/wp-json\/wp\/v2\/types\/page"}],"author":[{"embeddable":true,"href":"https:\/\/nuam.usn.no\/index.php\/wp-json\/wp\/v2\/users\/1"}],"replies":[{"embeddable":true,"href":"https:\/\/nuam.usn.no\/index.php\/wp-json\/wp\/v2\/comments?post=210"}],"version-history":[{"count":1,"href":"https:\/\/nuam.usn.no\/index.php\/wp-json\/wp\/v2\/pages\/210\/revisions"}],"predecessor-version":[{"id":454,"href":"https:\/\/nuam.usn.no\/index.php\/wp-json\/wp\/v2\/pages\/210\/revisions\/454"}],"up":[{"embeddable":true,"href":"https:\/\/nuam.usn.no\/index.php\/wp-json\/wp\/v2\/pages\/169"}],"wp:featuredmedia":[{"embeddable":true,"href":"https:\/\/nuam.usn.no\/index.php\/wp-json\/wp\/v2\/media\/456"}],"wp:attachment":[{"href":"https:\/\/nuam.usn.no\/index.php\/wp-json\/wp\/v2\/media?parent=210"}],"curies":[{"name":"wp","href":"https:\/\/api.w.org\/{rel}","templated":true}]}}