{"id":241,"date":"2021-02-10T10:12:54","date_gmt":"2021-02-10T09:12:54","guid":{"rendered":"https:\/\/www.dolkbg.net\/wordpress\/?page_id=241"},"modified":"2021-03-10T08:42:55","modified_gmt":"2021-03-10T07:42:55","slug":"droneforskriften","status":"publish","type":"page","link":"https:\/\/nuam.usn.no\/index.php\/hva-er-uam\/droneforskriften\/","title":{"rendered":"Droneforskriften"},"content":{"rendered":"\n<p class=\"has-black-color has-luminous-vivid-amber-background-color has-text-color has-background\"><strong><a rel=\"noreferrer noopener\" href=\"https:\/\/luftfartstilsynet.no\/aktorer\/regelverk\/kommende-endringer\/2020\/forskrift-om-luftfart-med-droner-i-apen-og-i-spesifikk-kategori\/\" target=\"_blank\">Denne forskriften er erstattet av et felleseuropeisk droneregelverk fra 1. januar 2021. <\/a><\/strong><br>Alle RPAS-operat\u00f8rer kan fly etter operasjonsmanualen sin til og med 31. desember 2021. Det er det gamle regelverket som gjelder n\u00e5r man flyr. RO-operat\u00f8rer m\u00e5 registrere seg i l\u00f8pet av f\u00f8rste halv\u00e5r 2021 p\u00e5 flydrone.no (f\u00f8r den nye basisforordningen vedtas).<br><br><a href=\"https:\/\/luftfartstilsynet.no\/aktorer\/regelverk\/kommende-endringer\/2020\/forskrift-om-luftfart-med-droner-i-apen-og-i-spesifikk-kategori\/\" data-type=\"URL\" data-id=\"https:\/\/luftfartstilsynet.no\/aktorer\/regelverk\/kommende-endringer\/2020\/forskrift-om-luftfart-med-droner-i-apen-og-i-spesifikk-kategori\/\">https:\/\/luftfartstilsynet.no\/aktorer\/regelverk\/kommende-endringer\/2020\/forskrift-om-luftfart-med-droner-i-apen-og-i-spesifikk-kategori\/<\/a><\/p>\n\n\n\n<hr class=\"wp-block-separator\"\/>\n\n\n\n<h2 class=\"has-vivid-cyan-blue-color has-text-color wp-block-heading\">Forskrift om luftfart\u00f8y som ikke har f\u00f8rer om bord mv. (droneforskriften)<\/h2>\n\n\n\n<p>Luftfartsoperasjoner med droner reguleres av forskrift 30. november 2015 nr. 1404 om luftfart\u00f8y som ikke har f\u00f8rer om bord mv. Forskriften tr\u00e5dte i kraft 1. januar 2016 og inneholder flysikkerhetsreglene for luftfart med ubemannet luftfart\u00f8y.<\/p>\n\n\n\n<p>Forskriften gjenspeiler hovedskillet mellom modellflygning og droneoperasjoner ved \u00e5 ha et eget sett enkle regler for modellflygning. Reglene for droneoperasjoner er delt inn i tre kategorier: RO1, RO2 og RO3, hvorav RO1 utgj\u00f8r de vanligste og minst kompliserte droneoperasjonene, mens RO3 utgj\u00f8r de mest krevende operasjonene. For RO1-operat\u00f8rer gjelder det krav om registrering, mens RO2- og RO3-operat\u00f8rer m\u00e5 ha operat\u00f8rgodkjenning fra Luftfartstilsynet.<\/p>\n\n\n\n<p>Forskriften stiller b\u00e5de krav til den som utf\u00f8rer flygningen og hvordan selve flygningen skal utf\u00f8res, herunder krav til sikkerhetsavstander og omr\u00e5der det ikke kan flys innenfor. Et hovedhensyn bak forskriften er at det er dronevirksomheten som skal tilpasses den etablerte luftfarten, og ikke motsatt. Utgangspunktet er at luftfartsvirksomhet med droner skal oppfylle de ordin\u00e6re sikkerhetskravene i luftfarten.<\/p>\n","protected":false},"excerpt":{"rendered":"<p>Denne forskriften er erstattet av et felleseuropeisk droneregelverk fra 1. januar 2021. Alle RPAS-operat\u00f8rer kan fly etter operasjonsmanualen sin til og med 31. desember 2021. Det er det gamle regelverket som gjelder n\u00e5r man flyr. RO-operat\u00f8rer m\u00e5 registrere seg i l\u00f8pet av f\u00f8rste halv\u00e5r 2021 p\u00e5 flydrone.no (f\u00f8r den nye basisforordningen vedtas). https:\/\/luftfartstilsynet.no\/aktorer\/regelverk\/kommende-endringer\/2020\/forskrift-om-luftfart-med-droner-i-apen-og-i-spesifikk-kategori\/ Forskrift om luftfart\u00f8y som ikke har f\u00f8rer om bord mv. (droneforskriften) Luftfartsoperasjoner med droner reguleres av forskrift 30. november 2015 nr. 1404 &hellip; <\/p>\n<p class=\"link-more\"><a href=\"https:\/\/nuam.usn.no\/index.php\/hva-er-uam\/droneforskriften\/\" class=\"more-link btn btn-default\" title=\"Droneforskriften\" data-toggle=\"tooltip\" data-placement=\"bottom\" aria-hidden=\"true\"><span class=\"fa fa-eye\"><\/span> Continue reading<\/a><\/p>\n","protected":false},"author":1,"featured_media":498,"parent":127,"menu_order":0,"comment_status":"closed","ping_status":"closed","template":"","meta":{"footnotes":""},"class_list":["post-241","page","type-page","status-publish","has-post-thumbnail","hentry"],"_links":{"self":[{"href":"https:\/\/nuam.usn.no\/index.php\/wp-json\/wp\/v2\/pages\/241","targetHints":{"allow":["GET"]}}],"collection":[{"href":"https:\/\/nuam.usn.no\/index.php\/wp-json\/wp\/v2\/pages"}],"about":[{"href":"https:\/\/nuam.usn.no\/index.php\/wp-json\/wp\/v2\/types\/page"}],"author":[{"embeddable":true,"href":"https:\/\/nuam.usn.no\/index.php\/wp-json\/wp\/v2\/users\/1"}],"replies":[{"embeddable":true,"href":"https:\/\/nuam.usn.no\/index.php\/wp-json\/wp\/v2\/comments?post=241"}],"version-history":[{"count":2,"href":"https:\/\/nuam.usn.no\/index.php\/wp-json\/wp\/v2\/pages\/241\/revisions"}],"predecessor-version":[{"id":460,"href":"https:\/\/nuam.usn.no\/index.php\/wp-json\/wp\/v2\/pages\/241\/revisions\/460"}],"up":[{"embeddable":true,"href":"https:\/\/nuam.usn.no\/index.php\/wp-json\/wp\/v2\/pages\/127"}],"wp:featuredmedia":[{"embeddable":true,"href":"https:\/\/nuam.usn.no\/index.php\/wp-json\/wp\/v2\/media\/498"}],"wp:attachment":[{"href":"https:\/\/nuam.usn.no\/index.php\/wp-json\/wp\/v2\/media?parent=241"}],"curies":[{"name":"wp","href":"https:\/\/api.w.org\/{rel}","templated":true}]}}