{"id":322,"date":"2021-02-12T12:47:47","date_gmt":"2021-02-12T11:47:47","guid":{"rendered":"https:\/\/www.dolkbg.net\/wordpress\/?page_id=322"},"modified":"2021-06-03T15:51:14","modified_gmt":"2021-06-03T14:51:14","slug":"webinarer-om-uam","status":"publish","type":"page","link":"https:\/\/nuam.usn.no\/index.php\/webinarer-om-uam\/","title":{"rendered":"Webinarer om UAM"},"content":{"rendered":"\n<p class=\"has-text-align-right has-small-font-size\">Photo: Hyundai<\/p>\n\n\n\n<p>Dette forprosjektet \u00f8nsker arrangere en serie webinarer om temaet UAM. Det f\u00f8rste webinaret ble avviklet i form av et \u00e5pent diskusjonsm\u00f8te den 11. februar 2021 med stor deltagelse fra industri, FOU-institusjoner, offentlige institusjoner og andre. Dette webinaret handlet i stor grad om hvordan tilrettelegge luftrommet for kommersielle transportoppgaver basert p\u00e5 f\u00f8rel\u00f8se (autonome) luftfart\u00f8yer og mulighetene for \u00e5 teste ut slike l\u00f8sninger.<\/p>\n\n\n\n<p>Lenker til ytterligere informasjon om avholdte og planlagte webinarer:<\/p>\n\n\n\n<p><\/p>\n\n\n<p>Webinar #1:\u00a0<a href=\"https:\/\/nuam.usn.no\/index.php\/webinarer-om-uam\/selvstyrt-luftfart-kommer-na-bygges-luftens-motorveier\/\">Selvstyrt Luftfart kommer \u2013 n\u00e5 bygges \u201cluftens motorveier\u201d<\/a><\/p>\n<p>Webinar #2:\u00a0<a href=\"https:\/\/nuam.usn.no\/index.php\/de-viktigste-teknologiske-krav-for-trygg-og-sikker-bruk-av-droner-innen-uam\/\">De viktigste teknologiske krav for trygg og sikker bruk av droner innen UAM<\/a><\/p>\n<p>Webinar #3: <a href=\"https:\/\/nuam.usn.no\/index.php\/webinarer-om-uam\/webinar-3-brukere-og-behov-i-et-fremtidig-integrert-uam-miljo\/\">Urban Air Mobility &#8211; en ny kostnadseffektiv og kliman\u00f8ytral luftfart<\/a><\/p>\n\n\n<p><\/p>\n","protected":false},"excerpt":{"rendered":"<p>Photo: Hyundai Dette forprosjektet \u00f8nsker arrangere en serie webinarer om temaet UAM. Det f\u00f8rste webinaret ble avviklet i form av et \u00e5pent diskusjonsm\u00f8te den 11. februar 2021 med stor deltagelse fra industri, FOU-institusjoner, offentlige institusjoner og andre. Dette webinaret handlet i stor grad om hvordan tilrettelegge luftrommet for kommersielle transportoppgaver basert p\u00e5 f\u00f8rel\u00f8se (autonome) luftfart\u00f8yer og mulighetene for \u00e5 teste ut slike l\u00f8sninger. Lenker til ytterligere informasjon om avholdte og planlagte webinarer: Webinar #1:\u00a0Selvstyrt Luftfart &hellip; <\/p>\n<p class=\"link-more\"><a href=\"https:\/\/nuam.usn.no\/index.php\/webinarer-om-uam\/\" class=\"more-link btn btn-default\" title=\"Webinarer om UAM\" data-toggle=\"tooltip\" data-placement=\"bottom\" aria-hidden=\"true\"><span class=\"fa fa-eye\"><\/span> Continue reading<\/a><\/p>\n","protected":false},"author":1,"featured_media":382,"parent":0,"menu_order":0,"comment_status":"closed","ping_status":"closed","template":"","meta":{"footnotes":""},"class_list":["post-322","page","type-page","status-publish","has-post-thumbnail","hentry"],"_links":{"self":[{"href":"https:\/\/nuam.usn.no\/index.php\/wp-json\/wp\/v2\/pages\/322","targetHints":{"allow":["GET"]}}],"collection":[{"href":"https:\/\/nuam.usn.no\/index.php\/wp-json\/wp\/v2\/pages"}],"about":[{"href":"https:\/\/nuam.usn.no\/index.php\/wp-json\/wp\/v2\/types\/page"}],"author":[{"embeddable":true,"href":"https:\/\/nuam.usn.no\/index.php\/wp-json\/wp\/v2\/users\/1"}],"replies":[{"embeddable":true,"href":"https:\/\/nuam.usn.no\/index.php\/wp-json\/wp\/v2\/comments?post=322"}],"version-history":[{"count":12,"href":"https:\/\/nuam.usn.no\/index.php\/wp-json\/wp\/v2\/pages\/322\/revisions"}],"predecessor-version":[{"id":1048,"href":"https:\/\/nuam.usn.no\/index.php\/wp-json\/wp\/v2\/pages\/322\/revisions\/1048"}],"wp:featuredmedia":[{"embeddable":true,"href":"https:\/\/nuam.usn.no\/index.php\/wp-json\/wp\/v2\/media\/382"}],"wp:attachment":[{"href":"https:\/\/nuam.usn.no\/index.php\/wp-json\/wp\/v2\/media?parent=322"}],"curies":[{"name":"wp","href":"https:\/\/api.w.org\/{rel}","templated":true}]}}