{"id":325,"date":"2021-02-12T14:25:44","date_gmt":"2021-02-12T13:25:44","guid":{"rendered":"https:\/\/www.dolkbg.net\/wordpress\/?page_id=325"},"modified":"2021-04-07T15:18:42","modified_gmt":"2021-04-07T14:18:42","slug":"selvstyrt-luftfart-kommer-na-bygges-luftens-motorveier","status":"publish","type":"page","link":"https:\/\/nuam.usn.no\/index.php\/webinarer-om-uam\/selvstyrt-luftfart-kommer-na-bygges-luftens-motorveier\/","title":{"rendered":"Selvstyrt Luftfart kommer &#8211; n\u00e5 bygges &#8220;luftens motorveier&#8221;"},"content":{"rendered":"\n<p class=\"has-text-align-right\">Bilde: Image by&nbsp;<a href=\"https:\/\/pixabay.com\/users\/timhill-5727184\/?utm_source=link-attribution&amp;utm_medium=referral&amp;utm_campaign=image&amp;utm_content=5428427\">Tim Hill<\/a>&nbsp;from&nbsp;<a href=\"https:\/\/pixabay.com\/?utm_source=link-attribution&amp;utm_medium=referral&amp;utm_campaign=image&amp;utm_content=5428427\">Pixabay<\/a>&nbsp;<\/p>\n\n\n\n<h2 class=\"has-text-align-center has-vivid-cyan-blue-color has-text-color has-large-font-size wp-block-heading\"><strong>\u00c5pent diskusjonsm\u00f8te 11. februar 2021<\/strong><\/h2>\n\n\n\n<h3 class=\"has-vivid-cyan-blue-color has-text-color wp-block-heading\"><br>Program:<\/h3>\n\n\n\n<ul class=\"wp-block-list\"><li>Velkommen v\/Jenny Simonsen ITS Norway<\/li><li>UAM \u2013 teknologi for spennende og viktige industriarbeidsplasser Ingar Vaskinn, Kongsberg kommune<\/li><li>Slik integrerer vi droner i luftrommet. Axel Knutsen Avinor<\/li><li>Hvordan ivareta flysikkerheten i en korridor for droner Mikael Rydberg Indra Navia<\/li><li>Arctic Drone labs \u2013 Finnish expertise Kimmo Paajanen, Artic Drone Labs Helsinki\/Oulu<\/li><li>Nye bedrifter spesialisert p\u00e5 teknologisk utvikling for autonome l\u00f8sninger Trond og Jenny ITS-Norway<\/li><li>Oslos plass i droneutviklingen Mobility Lab Oslo<\/li><li>Q&amp;A og avslutt v Jenny Simonsen<\/li><\/ul>\n\n\n\n<div class=\"wp-block-image is-style-default\"><figure class=\"alignright size-large is-resized\"><img decoding=\"async\" src=\"https:\/\/nuam.usn.no\/wp-content\/uploads\/2021\/02\/Bilde_2021-02-16_084619.png\" alt=\"\" class=\"wp-image-332\" width=\"150\"\/><figcaption>Bilde Avinor<\/figcaption><\/figure><\/div>\n\n\n\n<p>Webinaret samlet i alt over 100 deltakere fra norsk n\u00e6ringsliv, offentlige og private institusjoner, FOU-institusjoner og andre interessenter. Prosjektet merker daglig meget stor interesse rundt moderniseringen av luftfarten og bruk av droneteknologi for \u00e5 l\u00f8se fremtidens transport-utfordringer p\u00e5 en effektiv og milj\u00f8vennlig m\u00e5te.<\/p>\n\n\n\n<p><strong>Ingar Vaskinn<\/strong>, n\u00e6ringssjef i Kongsberg kommune \u00e5pnet webinaret med \u00e5 presentere prosjektet og teknologibyen Kongsberg. Han framhevet Kongsberg som ledende teknologisenter i Norge med erfaring fra andre prosjekter innen autonomi.  Han takket ogs\u00e5 Oslo kommune for tilliten og deres sterke \u00f8nske om \u00e5 skape et godt samarbeidsklima for kompetanse- og n\u00e6ringsutvikling. Og selvsagt  Viken fylkeskommune for deres \u00f8konomiske st\u00f8tte til forprosjektet.<\/p>\n\n\n\n<figure class=\"wp-block-image size-large is-style-default\"><img loading=\"lazy\" decoding=\"async\" width=\"770\" height=\"162\" src=\"https:\/\/nuam.usn.no\/wp-content\/uploads\/2021\/02\/Bilde_2021-02-16_085146.png\" alt=\"\" class=\"wp-image-334\"\/><figcaption>Bilde Kongsberg kommune<\/figcaption><\/figure>\n\n\n\n<hr class=\"wp-block-separator\"\/>\n\n\n\n<div class=\"wp-block-image is-style-default\"><figure class=\"alignright size-large is-resized\"><img decoding=\"async\" src=\"https:\/\/nuam.usn.no\/wp-content\/uploads\/2021\/02\/Bilde_2021-02-16_090313.png\" alt=\"\" class=\"wp-image-336\" width=\"125\"\/><figcaption>Bilde Avinor<\/figcaption><\/figure><\/div>\n\n\n\n<p><strong>Axel Knutsen<\/strong>, leder av droneprogrammet hos Avinor Flysikring ga oss en oppdatering p\u00e5 utviklingen av UTM (Unmanned Traffic Management) i Avinor. Det foreg\u00e5r for \u00f8yeblikket en innf\u00f8ring av et UTM-system som dekker Avinor sine kontrollerte lufthavner. I neste fase vil systemet ogs\u00e5 omfatte ukontrollert luftrom, byer, industriomr\u00e5der og vil tilpasses de til enhver tid gjeldene reguleringer og krav til ubemannet lufttrafikk. i tredje fase vil man ha et system som st\u00f8tter full integrering i luftrommet.<\/p>\n\n\n\n<hr class=\"wp-block-separator aligncenter\"\/>\n\n\n\n<p><strong>Mikael Rydberg<\/strong> fra Indra Navia ga oss en innf\u00f8ring i hvordan Indra jobber i samarbeid med Avinor om \u00e5 etablere luftkorridorer i sentral str\u00f8k av \u00d8stlandet som skal gj\u00f8re det mulig \u00e5 operere ubemannede flyvninger over lengre strekninger.  Indra \u00f8nsker \u00e5 ta utgangspunkt i dagens ATM-l\u00f8sninger for \u00e5 bygge opp UTM som inkluderer planlegging, flyvning, trafikkoverv\u00e5king, sikkerhetsnett og en \u00f8kende grad av automasjon.<\/p>\n\n\n\n<div class=\"wp-block-image is-style-default\"><figure class=\"aligncenter size-large\"><img loading=\"lazy\" decoding=\"async\" width=\"501\" height=\"307\" src=\"https:\/\/nuam.usn.no\/wp-content\/uploads\/2021\/02\/Bilde_2021-02-16_100844.png\" alt=\"\" class=\"wp-image-342\"\/><figcaption>Bilde: Indra<\/figcaption><\/figure><\/div>\n\n\n\n<hr class=\"wp-block-separator\"\/>\n\n\n\n<p><strong>Kimmo Paajanen<\/strong> fra Artic Drone Labs ga oss en presentasjon om aktivitetene rundt FUAVE Test Area i Finland. For \u00f8yeblikket har de 6 testomr\u00e5der, 2 urbane og 4 rurale. De urbane testomr\u00e5dene er i Oulu og i Helsinki-omr\u00e5det.<\/p>\n\n\n\n<div class=\"wp-block-image is-style-default\"><figure class=\"aligncenter size-large\"><img loading=\"lazy\" decoding=\"async\" width=\"448\" height=\"296\" src=\"https:\/\/nuam.usn.no\/wp-content\/uploads\/2021\/02\/Bilde_2021-02-16_101541.png\" alt=\"\" class=\"wp-image-343\"\/><figcaption>Linnenmaa Campus area, Oulu (Photo Tuomo H\u00e4nninen)<\/figcaption><\/figure><\/div>\n\n\n\n<p>Artic Drone Labs tilbyr tjenester innen konsulenter, tilgang til teknisk ekspertise og fasiliteter, proof of concept\/lab testing, utvikling av prototyper og testing, demonstrasjoner og informasjon og nettverksbygging.<\/p>\n\n\n\n<figure class=\"wp-block-image size-large is-style-default\"><img loading=\"lazy\" decoding=\"async\" width=\"786\" height=\"458\" src=\"https:\/\/nuam.usn.no\/wp-content\/uploads\/2021\/02\/Bilde_2021-02-16_102210.png\" alt=\"\" class=\"wp-image-345\"\/><figcaption>Bilde: Artic Drone Labs<\/figcaption><\/figure>\n\n\n\n<hr class=\"wp-block-separator\"\/>\n\n\n\n<p><strong>Jenny Simonsen og Trond Hovland<\/strong>, begge fra ITS Norway holdt en diskusjonspresentasjom om metoder for utvikling av ny industri og hvordan etablere effektive landingsplasser\/hubs og dronens plass i transportnettverket.<\/p>\n\n\n\n<figure class=\"wp-block-image size-large is-style-default\"><img loading=\"lazy\" decoding=\"async\" width=\"1024\" height=\"200\" src=\"https:\/\/nuam.usn.no\/wp-content\/uploads\/2021\/02\/Bilde_2021-02-16_145902-1024x200.png\" alt=\"\" class=\"wp-image-379\" srcset=\"https:\/\/nuam.usn.no\/wp-content\/uploads\/2021\/02\/Bilde_2021-02-16_145902-1024x200.png 1024w, https:\/\/nuam.usn.no\/wp-content\/uploads\/2021\/02\/Bilde_2021-02-16_145902-300x59.png 300w, https:\/\/nuam.usn.no\/wp-content\/uploads\/2021\/02\/Bilde_2021-02-16_145902-768x150.png 768w, https:\/\/nuam.usn.no\/wp-content\/uploads\/2021\/02\/Bilde_2021-02-16_145902.png 1028w\" sizes=\"auto, (max-width: 1024px) 100vw, 1024px\" \/><\/figure>\n\n\n\n<p>Gartner Group sine prognoser tilsier at det vil v\u00e6re en \u00e5rlig vekstrate i levering av droner p\u00e5 24% per \u00e5r i perioden 2019 til 2029 som vil bidra til en vesentlig \u00f8kning i produktiviteten. Antall installerte droner vil dermed \u00f8ke fra dagens ca 1 million til 13 millioner over hele verden.<\/p>\n\n\n\n<p>Trond og Jenny poengterer at dronens plass i et fremtidig transportnettverk er avhengig av en rekke faktorer slik som politisk vilje, brukeraksept, rammeverk, standardisering, data og teknologi.<\/p>\n\n\n\n<div class=\"wp-block-image is-style-default\"><figure class=\"aligncenter size-large\"><img decoding=\"async\" src=\"https:\/\/nuam.usn.no\/wp-content\/uploads\/2021\/02\/Bilde_2021-02-16_104247.png\" alt=\"\" class=\"wp-image-348\"\/><figcaption>Bilde: ITS Norway<\/figcaption><\/figure><\/div>\n\n\n\n<hr class=\"wp-block-separator\"\/>\n\n\n\n<div class=\"wp-block-image\"><figure class=\"alignright is-resized\"><img loading=\"lazy\" decoding=\"async\" src=\"https:\/\/nuam.usn.no\/wp-content\/uploads\/2021\/02\/Bilde_2021-02-16_105121.png\" alt=\"\" class=\"wp-image-350\" width=\"241\" height=\"285\"\/><\/figure><\/div>\n\n\n\n<p><strong>Marie Lundstad<\/strong>, leder av MobilityLab ved StatrtupLab i Oslo ga oss en presentasjon om Mobility Lab i Oslo, et prosjekt eid av StartupLab og Transport\u00f8konomisk Institutt med samarbeidspartnere fra UiO, Oslo Science City, Forskningsparken, Oslo kommune og Statens Vegvesen. Til sammen danner de en testarena hvor bedrifter kan f\u00e5 testet ut nye produkter, tjenester og forretningsmodeller samt ny teknologi, infrastruktur og offentlige tiltak.<\/p>\n\n\n\n<p>Testarenaen ligger i Oslo sentrum og har tilgang til en unik mobilitetsmiks i norsk sammenheng. Den inneholder ogs\u00e5 et sterkt kunnskapsmilj\u00f8 og ligger i et omr\u00e5de i stor utvikling.<\/p>\n\n\n\n<p>Testarenaen er \u00e5pen oppstartsselskaper, etablerte akt\u00f8rer og myndigheter og bist\u00e5r med pilotering av ny teknologi, kjent teknologi p\u00e5 nye bruksomr\u00e5der, nye forretningsmodeller og nye reguleringer.<\/p>\n\n\n\n<hr class=\"wp-block-separator\"\/>\n\n\n\n<p>Opptak av hele programmet samt kopi av alle presentasjoner finner du p\u00e5 ITS Norway sine hjemmesider:  <br><a href=\"https:\/\/its-norway.no\/arrangementer\/selvstyrt-luftfart-kommer-na-bygges-luftens-motorveier\/\">https:\/\/its-norway.no\/arrangementer\/selvstyrt-luftfart-kommer-na-bygges-luftens-motorveier\/<\/a><\/p>\n","protected":false},"excerpt":{"rendered":"<p>Bilde: Image by&nbsp;Tim Hill&nbsp;from&nbsp;Pixabay&nbsp; \u00c5pent diskusjonsm\u00f8te 11. februar 2021 Program: Velkommen v\/Jenny Simonsen ITS Norway UAM \u2013 teknologi for spennende og viktige industriarbeidsplasser Ingar Vaskinn, Kongsberg kommune Slik integrerer vi droner i luftrommet. Axel Knutsen Avinor Hvordan ivareta flysikkerheten i en korridor for droner Mikael Rydberg Indra Navia Arctic Drone labs \u2013 Finnish expertise Kimmo Paajanen, Artic Drone Labs Helsinki\/Oulu Nye bedrifter spesialisert p\u00e5 teknologisk utvikling for autonome l\u00f8sninger Trond og Jenny ITS-Norway Oslos plass &hellip; <\/p>\n<p class=\"link-more\"><a href=\"https:\/\/nuam.usn.no\/index.php\/webinarer-om-uam\/selvstyrt-luftfart-kommer-na-bygges-luftens-motorveier\/\" class=\"more-link btn btn-default\" title=\"Selvstyrt Luftfart kommer &#8211; n\u00e5 bygges &#8220;luftens motorveier&#8221;\" data-toggle=\"tooltip\" data-placement=\"bottom\" aria-hidden=\"true\"><span class=\"fa fa-eye\"><\/span> Continue reading<\/a><\/p>\n","protected":false},"author":1,"featured_media":504,"parent":322,"menu_order":0,"comment_status":"closed","ping_status":"closed","template":"","meta":{"footnotes":""},"class_list":["post-325","page","type-page","status-publish","has-post-thumbnail","hentry"],"_links":{"self":[{"href":"https:\/\/nuam.usn.no\/index.php\/wp-json\/wp\/v2\/pages\/325","targetHints":{"allow":["GET"]}}],"collection":[{"href":"https:\/\/nuam.usn.no\/index.php\/wp-json\/wp\/v2\/pages"}],"about":[{"href":"https:\/\/nuam.usn.no\/index.php\/wp-json\/wp\/v2\/types\/page"}],"author":[{"embeddable":true,"href":"https:\/\/nuam.usn.no\/index.php\/wp-json\/wp\/v2\/users\/1"}],"replies":[{"embeddable":true,"href":"https:\/\/nuam.usn.no\/index.php\/wp-json\/wp\/v2\/comments?post=325"}],"version-history":[{"count":13,"href":"https:\/\/nuam.usn.no\/index.php\/wp-json\/wp\/v2\/pages\/325\/revisions"}],"predecessor-version":[{"id":815,"href":"https:\/\/nuam.usn.no\/index.php\/wp-json\/wp\/v2\/pages\/325\/revisions\/815"}],"up":[{"embeddable":true,"href":"https:\/\/nuam.usn.no\/index.php\/wp-json\/wp\/v2\/pages\/322"}],"wp:featuredmedia":[{"embeddable":true,"href":"https:\/\/nuam.usn.no\/index.php\/wp-json\/wp\/v2\/media\/504"}],"wp:attachment":[{"href":"https:\/\/nuam.usn.no\/index.php\/wp-json\/wp\/v2\/media?parent=325"}],"curies":[{"name":"wp","href":"https:\/\/api.w.org\/{rel}","templated":true}]}}