{"id":352,"date":"2019-04-04T11:40:58","date_gmt":"2019-04-04T10:40:58","guid":{"rendered":"http:\/\/192.168.10.10\/wordpress\/?page_id=2"},"modified":"2021-04-30T08:16:30","modified_gmt":"2021-04-30T07:16:30","slug":"sample-page-2","status":"publish","type":"page","link":"https:\/\/nuam.usn.no\/","title":{"rendered":"Norwegian Urban Air Mobility"},"content":{"rendered":"\n<p class=\"has-text-align-right has-small-font-size\">Header photo: Airbus<\/p>\n\n\n\n<h4 class=\"has-vivid-cyan-blue-color has-text-color has-medium-font-size wp-block-heading\">NUAM &#8211; Kongsberg Nasjonal motor for innovasjon<\/h4>\n\n\n\n<p>Kongsberg kommune og Universitetet i S\u00f8r\u00f8st-Norge har startet et nasjonalt prosjekt \u00abNorwegian Urban Air Mobility\u00bb som skal fremme et st\u00f8rre engasjement i UAM-utviklingen for norsk industri og teknologimilj\u00f8er.<\/p>\n\n\n\n<p>NUAM prosjektet er basert p\u00e5 en n\u00e6rt samarbeid med Oslo kommune og Oslo sin samarbeidsavtale med Toulouse (MOU).<\/p>\n\n\n\n<p>Prosjektet skal fremme et tredobbelt bysamarbeid mellom Kongsberg-Oslo og Toulouse \u2013 med fokus p\u00e5 hverandres behov og styrke innen ny transportteknologi og dens betydning for byer og byregioner.<\/p>\n\n\n\n<p>Utvikling av verdikjeden for den praktiske bruk av UAM innen kritiske samfunns-tjenester som beredskap, kontroll, overv\u00e5king og generell transport av passasjerer og gods.<\/p>\n\n\n\n<p><\/p>\n\n\n\n<h4 class=\"has-vivid-cyan-blue-color has-text-color has-medium-font-size wp-block-heading\">Prosjektets delm\u00e5l<\/h4>\n\n\n\n<ul class=\"wp-block-list\"><li>Etablere et norsk samarbeid opp imot UAM-Toulouse\/The Vilagil Project<\/li><li>Fremme konkrete pilotprosjekter mellom bedrifter, organisasjoner og FOU-akt\u00f8rer<\/li><li>Etablere et samarbeid som gir posisjon for finansiering av nasjonale og internasjonale prosjekter for skalering av forretningsomr\u00e5der<\/li><li>Etablere en koblingsarena mellom myndigheter, teknologiselskaper, tjenesteleverand\u00f8rer og FOU-akt\u00f8rer<\/li><\/ul>\n","protected":false},"excerpt":{"rendered":"<p>Header photo: Airbus NUAM &#8211; Kongsberg Nasjonal motor for innovasjon Kongsberg kommune og Universitetet i S\u00f8r\u00f8st-Norge har startet et nasjonalt prosjekt \u00abNorwegian Urban Air Mobility\u00bb som skal fremme et st\u00f8rre engasjement i UAM-utviklingen for norsk industri og teknologimilj\u00f8er. NUAM prosjektet er basert p\u00e5 en n\u00e6rt samarbeid med Oslo kommune og Oslo sin samarbeidsavtale med Toulouse (MOU). Prosjektet skal fremme et tredobbelt bysamarbeid mellom Kongsberg-Oslo og Toulouse \u2013 med fokus p\u00e5 hverandres behov og styrke innen &hellip; <\/p>\n<p class=\"link-more\"><a href=\"https:\/\/nuam.usn.no\/\" class=\"more-link btn btn-default\" title=\"Norwegian Urban Air Mobility\" data-toggle=\"tooltip\" data-placement=\"bottom\" aria-hidden=\"true\"><span class=\"fa fa-eye\"><\/span> Continue reading<\/a><\/p>\n","protected":false},"author":1,"featured_media":0,"parent":0,"menu_order":0,"comment_status":"closed","ping_status":"closed","template":"","meta":{"footnotes":""},"class_list":["post-352","page","type-page","status-publish","hentry"],"_links":{"self":[{"href":"https:\/\/nuam.usn.no\/index.php\/wp-json\/wp\/v2\/pages\/352","targetHints":{"allow":["GET"]}}],"collection":[{"href":"https:\/\/nuam.usn.no\/index.php\/wp-json\/wp\/v2\/pages"}],"about":[{"href":"https:\/\/nuam.usn.no\/index.php\/wp-json\/wp\/v2\/types\/page"}],"author":[{"embeddable":true,"href":"https:\/\/nuam.usn.no\/index.php\/wp-json\/wp\/v2\/users\/1"}],"replies":[{"embeddable":true,"href":"https:\/\/nuam.usn.no\/index.php\/wp-json\/wp\/v2\/comments?post=352"}],"version-history":[{"count":19,"href":"https:\/\/nuam.usn.no\/index.php\/wp-json\/wp\/v2\/pages\/352\/revisions"}],"predecessor-version":[{"id":935,"href":"https:\/\/nuam.usn.no\/index.php\/wp-json\/wp\/v2\/pages\/352\/revisions\/935"}],"wp:attachment":[{"href":"https:\/\/nuam.usn.no\/index.php\/wp-json\/wp\/v2\/media?parent=352"}],"curies":[{"name":"wp","href":"https:\/\/api.w.org\/{rel}","templated":true}]}}