{"id":476,"date":"2021-03-08T13:51:13","date_gmt":"2021-03-08T12:51:13","guid":{"rendered":"http:\/\/158.36.73.236\/?page_id=476"},"modified":"2021-05-06T13:53:30","modified_gmt":"2021-05-06T12:53:30","slug":"prosjektorganisasjon","status":"publish","type":"page","link":"https:\/\/nuam.usn.no\/index.php\/prosjektorganisasjon\/","title":{"rendered":"Prosjektorganisasjon"},"content":{"rendered":"\n<ul class=\"wp-block-list\"><li>Prosjekteier: Kongsberg Kommune <\/li><li>Prosjektansvarlig: Kongsberg Kommune v\/Ingar Vaskinn <\/li><li>Prosjektledelse: Universitetet i S\u00f8r\u00f8st-Norge v\/David Olaussen <\/li><li>Spesialr\u00e5dgiver: Einar S\u00f8rensen, ES Consulting <\/li><li>Vit.ass: Justin Jospeh Reid, Universitetet i S\u00f8r\u00f8st-Norge<\/li><\/ul>\n\n\n\n<div class=\"wp-block-columns is-layout-flex wp-container-core-columns-is-layout-9d6595d7 wp-block-columns-is-layout-flex\">\n<div class=\"wp-block-column is-layout-flow wp-block-column-is-layout-flow\">\n<figure class=\"wp-block-image size-large\"><img loading=\"lazy\" decoding=\"async\" width=\"225\" height=\"80\" src=\"https:\/\/nuam.usn.no\/wp-content\/uploads\/2021\/01\/cropped-USN_logo_rgb.png\" alt=\"\" class=\"wp-image-80\"\/><\/figure>\n<\/div>\n\n\n\n<div class=\"wp-block-column is-layout-flow wp-block-column-is-layout-flow\" style=\"flex-basis:34%\">\n<figure class=\"wp-block-image size-large\"><img loading=\"lazy\" decoding=\"async\" width=\"480\" height=\"105\" src=\"https:\/\/nuam.usn.no\/wp-content\/uploads\/2021\/05\/ES_Consulting.png\" alt=\"\" class=\"wp-image-1009\" srcset=\"https:\/\/nuam.usn.no\/wp-content\/uploads\/2021\/05\/ES_Consulting.png 480w, https:\/\/nuam.usn.no\/wp-content\/uploads\/2021\/05\/ES_Consulting-300x66.png 300w\" sizes=\"auto, (max-width: 480px) 100vw, 480px\" \/><figcaption><strong>&#8212;&#8212;&#8212;&#8212;&#8212;&#8212;&#8212;&#8212;&#8212;&#8212;&#8212;&#8212;&#8212;&#8212;&#8212;&#8212;&#8212;&#8211;<br>ES Consulting International, Toulouse France<\/strong><\/figcaption><\/figure>\n\n\n\n<p><\/p>\n<\/div>\n\n\n\n<div class=\"wp-block-column is-layout-flow wp-block-column-is-layout-flow\">\n<div class=\"wp-block-image\"><figure class=\"aligncenter size-large\"><img loading=\"lazy\" decoding=\"async\" width=\"80\" height=\"80\" src=\"https:\/\/nuam.usn.no\/wp-content\/uploads\/2021\/01\/Kongsberg_kommune-logo-e1611908092155.png\" alt=\"\" class=\"wp-image-76\"\/><figcaption><strong>Kongsberg<\/strong><\/figcaption><\/figure><\/div>\n<\/div>\n<\/div>\n\n\n\n<p><\/p>\n","protected":false},"excerpt":{"rendered":"<p>Prosjekteier: Kongsberg Kommune Prosjektansvarlig: Kongsberg Kommune v\/Ingar Vaskinn Prosjektledelse: Universitetet i S\u00f8r\u00f8st-Norge v\/David Olaussen Spesialr\u00e5dgiver: Einar S\u00f8rensen, ES Consulting Vit.ass: Justin Jospeh Reid, Universitetet i S\u00f8r\u00f8st-Norge<\/p>\n","protected":false},"author":1,"featured_media":416,"parent":0,"menu_order":0,"comment_status":"closed","ping_status":"closed","template":"","meta":{"footnotes":""},"class_list":["post-476","page","type-page","status-publish","has-post-thumbnail","hentry"],"_links":{"self":[{"href":"https:\/\/nuam.usn.no\/index.php\/wp-json\/wp\/v2\/pages\/476","targetHints":{"allow":["GET"]}}],"collection":[{"href":"https:\/\/nuam.usn.no\/index.php\/wp-json\/wp\/v2\/pages"}],"about":[{"href":"https:\/\/nuam.usn.no\/index.php\/wp-json\/wp\/v2\/types\/page"}],"author":[{"embeddable":true,"href":"https:\/\/nuam.usn.no\/index.php\/wp-json\/wp\/v2\/users\/1"}],"replies":[{"embeddable":true,"href":"https:\/\/nuam.usn.no\/index.php\/wp-json\/wp\/v2\/comments?post=476"}],"version-history":[{"count":7,"href":"https:\/\/nuam.usn.no\/index.php\/wp-json\/wp\/v2\/pages\/476\/revisions"}],"predecessor-version":[{"id":1019,"href":"https:\/\/nuam.usn.no\/index.php\/wp-json\/wp\/v2\/pages\/476\/revisions\/1019"}],"wp:featuredmedia":[{"embeddable":true,"href":"https:\/\/nuam.usn.no\/index.php\/wp-json\/wp\/v2\/media\/416"}],"wp:attachment":[{"href":"https:\/\/nuam.usn.no\/index.php\/wp-json\/wp\/v2\/media?parent=476"}],"curies":[{"name":"wp","href":"https:\/\/api.w.org\/{rel}","templated":true}]}}