{"id":549,"date":"2021-03-11T10:36:15","date_gmt":"2021-03-11T09:36:15","guid":{"rendered":"http:\/\/158.36.73.236\/?page_id=549"},"modified":"2021-05-03T10:11:40","modified_gmt":"2021-05-03T09:11:40","slug":"aktuelle-prosjekter","status":"publish","type":"page","link":"https:\/\/nuam.usn.no\/index.php\/aktuelle-prosjekter\/","title":{"rendered":"Aktuelle prosjekter"},"content":{"rendered":"\n<p class=\"has-text-align-right\">Foto \u00f8verst: Senseloop 2021<\/p>\n\n\n\n<h2 class=\"has-text-align-center has-large-font-size wp-block-heading\"><strong>Droneleveranser i Reykjavik<\/strong><\/h2>\n\n\n\n<p class=\"has-medium-font-size\"><strong><em>Islands st\u00f8rste online markedsplass skal utvide antall droner den flyr over landets hovedstad Reykjavik.<\/em><\/strong> <strong><em>Selskapet Aha, som lanserte en begrenset pr\u00f8veperiode med det israelske selskapet Flytrex i fjor, vil fase inn ytterligere droner de neste to \u00e5rene (2018). Mange innbyggere i Reykjavik kunne snart forvente droneleveranser til d\u00f8ren. Utvidelsen setter Island i frontposisjon av dronebruk, foran andre europeiske hovedsteder.<\/em><\/strong><\/p>\n\n\n\n<figure class=\"wp-block-image size-large is-style-default\"><img loading=\"lazy\" decoding=\"async\" width=\"976\" height=\"549\" src=\"https:\/\/nuam.usn.no\/wp-content\/uploads\/2021\/03\/102000285_flytrex-iceland-drone-delivery-4.jpg\" alt=\"\" class=\"wp-image-550\" srcset=\"https:\/\/nuam.usn.no\/wp-content\/uploads\/2021\/03\/102000285_flytrex-iceland-drone-delivery-4.jpg 976w, https:\/\/nuam.usn.no\/wp-content\/uploads\/2021\/03\/102000285_flytrex-iceland-drone-delivery-4-300x169.jpg 300w, https:\/\/nuam.usn.no\/wp-content\/uploads\/2021\/03\/102000285_flytrex-iceland-drone-delivery-4-768x432.jpg 768w\" sizes=\"auto, (max-width: 976px) 100vw, 976px\" \/><figcaption>photo: Skytrex<\/figcaption><\/figure>\n\n\n\n<p>Mer om prosjektet her: <a href=\"https:\/\/www.aha.is\/en\/drone-delivery\">https:\/\/www.aha.is\/en\/drone-delivery<\/a><\/p>\n\n\n\n<hr class=\"wp-block-separator\"\/>\n\n\n\n<h2 class=\"has-text-align-center has-large-font-size wp-block-heading\"><strong>Fraktet blodpr\u00f8ver med drone over Oslo sentrum<\/strong><\/h2>\n\n\n\n<p class=\"has-medium-font-size\"><em><strong>P\u00e5 andre fors\u00f8k lyktes det for Senseloop \u00e5 utf\u00f8re testflyvningen mellom Rikshospitalet og Ullev\u00e5l sykehus. Denne gangen ble alt gjennomf\u00f8rt etter planen.<\/strong><\/em><\/p>\n\n\n\n<figure class=\"wp-block-image size-large is-style-default\"><img loading=\"lazy\" decoding=\"async\" width=\"1024\" height=\"788\" src=\"https:\/\/nuam.usn.no\/wp-content\/uploads\/2021\/03\/globeuav-statisk-1536x1182-Senseloop-1024x788.png\" alt=\"\" class=\"wp-image-556\"\/><figcaption>Senseloop brukte en drone fra tyske Globe UAV til frakten av blodpr\u00f8vene i Oslo sentrum. Foto: Senseloop<\/figcaption><\/figure>\n\n\n\n<p>Les mer om saken her: <a href=\"https:\/\/www.uasnorway.no\/unik-transport-med-drone-fraktet-blodprover-med-drone-over-oslo-sentrum\/\">https:\/\/www.uasnorway.no\/unik-transport-med-drone-fraktet-blodprover-med-drone-over-oslo-sentrum\/<\/a> <\/p>\n\n\n\n<hr class=\"wp-block-separator\"\/>\n\n\n\n<h2 class=\"has-text-align-center has-large-font-size wp-block-heading\"><strong>Dronen skal frakte biologisk materiale til St. Olavs Hospital<\/strong><\/h2>\n\n\n\n<p class=\"has-medium-font-size\"><em><strong>Dronen som skal settes i skytteltrafikk, i f\u00f8rste omgang mellom sykehuset R\u00f8ros og St. Olavs hospital, er for en revolusjon \u00e5 regne n\u00e5r det gjelder \u00e5 f\u00e5 fortgang i \u00e5 f\u00e5 analysert blodpr\u00f8ver.<\/strong><\/em><\/p>\n\n\n\n<figure class=\"wp-block-image size-full is-resized is-style-default\"><img loading=\"lazy\" decoding=\"async\" src=\"https:\/\/nuam.usn.no\/wp-content\/uploads\/2021\/03\/Bloddrone-Roraas.jpg\" alt=\"\" class=\"wp-image-562\" width=\"838\" height=\"468\" srcset=\"https:\/\/nuam.usn.no\/wp-content\/uploads\/2021\/03\/Bloddrone-Roraas.jpg 537w, https:\/\/nuam.usn.no\/wp-content\/uploads\/2021\/03\/Bloddrone-Roraas-300x168.jpg 300w\" sizes=\"auto, (max-width: 838px) 100vw, 838px\" \/><figcaption>S<strong>kal frakte blod:<\/strong>&nbsp;Dronens f\u00f8rste tur gikk fra R\u00f8ros til Trondheim, en strekning p\u00e5 120 kilometer. <br>Dette markerer den lengste autonome flyturen med droner utf\u00f8rt over land i Norge. Foto: Aviant<\/figcaption><\/figure>\n\n\n\n<p>Les hele saken her: <a href=\"https:\/\/lnkd.in\/dWNB4aY\">https:\/\/lnkd.in\/dWNB4aY<\/a><\/p>\n\n\n\n<hr class=\"wp-block-separator\"\/>\n\n\n\n<h2 class=\"has-text-align-center has-large-font-size wp-block-heading\"><strong>NINOX Air Navigation Services<\/strong><\/h2>\n\n\n\n<p class=\"has-medium-font-size\"><em><strong>Avinor Flysikring satte i gang satsingen p\u00e5 et helt nytt dronesystem i 2020, og gikk inn i et samarbeid med \u00f8steriske Frequentis. M\u00e5let med satsingen er \u00e5 s\u00f8rge for et brukervennlig dronesystem for brukere, samt en mer effektiv godkjenningsprosess for flygeledere. Totalt sett sikrer dette en tryggere integrasjon av droner i kontrollert luftrom, i takt med det raskt \u00f8kende tallet p\u00e5 dronebrukere i Norge.<\/strong><\/em><\/p>\n\n\n\n<figure class=\"wp-block-image size-large is-resized is-style-default\"><img loading=\"lazy\" decoding=\"async\" src=\"https:\/\/nuam.usn.no\/wp-content\/uploads\/2021\/03\/Avinor-Flysikring.jpg\" alt=\"\" class=\"wp-image-568\" width=\"1042\" height=\"412\" srcset=\"https:\/\/nuam.usn.no\/wp-content\/uploads\/2021\/03\/Avinor-Flysikring.jpg 960w, https:\/\/nuam.usn.no\/wp-content\/uploads\/2021\/03\/Avinor-Flysikring-300x119.jpg 300w, https:\/\/nuam.usn.no\/wp-content\/uploads\/2021\/03\/Avinor-Flysikring-768x304.jpg 768w\" sizes=\"auto, (max-width: 1042px) 100vw, 1042px\" \/><figcaption>Foto: Avinor Flysikring AS<\/figcaption><\/figure>\n\n\n\n<p>Les mer om Avinor Luftsikring sin NIXNOX Drone-applikasjon her: <a href=\"https:\/\/www.uasnorway.no\/utm-system-for-droner-lansert-i-norge-slik-var-den-forste-testen\/\">https:\/\/www.uasnorway.no\/utm-system-for-droner-lansert-i-norge-slik-var-den-forste-testen\/<\/a><br><br>Lenke til Ninox Drone Operat\u00f8rpanel: <a href=\"https:\/\/operatorportal.ninoxdrone.no\/\">https:\/\/operatorportal.ninoxdrone.no<\/a><\/p>\n\n\n\n<hr class=\"wp-block-separator\"\/>\n\n\n\n<h2 class=\"has-text-align-center has-large-font-size wp-block-heading\"><strong>UAM Test-flyvninger i 2022<\/strong><\/h2>\n\n\n\n<p><em><strong>De franske byene Bordeaux og Toulouse vil v\u00e6re vertskap for omfattende fors\u00f8k for urbane luftmobilitetsoperasjoner (UAM) v\u00e5ren og sommeren 2022. TindAIR-prosjektet, som st\u00e5r for Tactical INstrumental Deconfliction And in flight Resolution, vil bli koordinert av fransk spesialist innen kunstig intelligens Innov&#8217;ATM p\u00e5 vegne av Eurocontrols Single European Sky ATM Research (Sesar) -program.<\/strong><\/em><\/p>\n\n\n\n<figure class=\"wp-block-image size-large\"><img loading=\"lazy\" decoding=\"async\" width=\"1024\" height=\"450\" src=\"https:\/\/nuam.usn.no\/wp-content\/uploads\/2021\/05\/E-Fan-X-Toulouse-1024x450.jpeg\" alt=\"\" class=\"wp-image-947\" srcset=\"https:\/\/nuam.usn.no\/wp-content\/uploads\/2021\/05\/E-Fan-X-Toulouse-1024x450.jpeg 1024w, https:\/\/nuam.usn.no\/wp-content\/uploads\/2021\/05\/E-Fan-X-Toulouse-300x132.jpeg 300w, https:\/\/nuam.usn.no\/wp-content\/uploads\/2021\/05\/E-Fan-X-Toulouse-768x338.jpeg 768w, https:\/\/nuam.usn.no\/wp-content\/uploads\/2021\/05\/E-Fan-X-Toulouse-1536x675.jpeg 1536w, https:\/\/nuam.usn.no\/wp-content\/uploads\/2021\/05\/E-Fan-X-Toulouse.jpeg 1966w\" sizes=\"auto, (max-width: 1024px) 100vw, 1024px\" \/><figcaption>Den franske byen Toulouse, hovedkvarter for Airbus, vil arrangere en storstilt demonstrasjon av urbane luftmobilitetsoperasjoner i 2022. Disse vil ikke inneholde det n\u00e5 avlyste elektriske E-Fan X-programmet illustrert her. (Bilde: Airbus)<\/figcaption><\/figure>\n\n\n\n<p>Les mer om TindAIR-prosjektet her: <a href=\"https:\/\/www.futureflight.aero\/news-article\/2021-03-25\/urban-air-mobility-flight-trials-will-be-staged-toulouse-and-bordeaux\" target=\"_blank\" rel=\"noreferrer noopener\">https:\/\/www.futureflight.aero\/news-article\/2021-03-25\/urban-air-mobility-flight-trials-will-be-staged-toulouse-and-bordeaux<\/a><\/p>\n\n\n\n<p><\/p>\n","protected":false},"excerpt":{"rendered":"<p>Foto \u00f8verst: Senseloop 2021 Droneleveranser i Reykjavik Islands st\u00f8rste online markedsplass skal utvide antall droner den flyr over landets hovedstad Reykjavik. Selskapet Aha, som lanserte en begrenset pr\u00f8veperiode med det israelske selskapet Flytrex i fjor, vil fase inn ytterligere droner de neste to \u00e5rene (2018). Mange innbyggere i Reykjavik kunne snart forvente droneleveranser til d\u00f8ren. Utvidelsen setter Island i frontposisjon av dronebruk, foran andre europeiske hovedsteder. Mer om prosjektet her: https:\/\/www.aha.is\/en\/drone-delivery Fraktet blodpr\u00f8ver med drone &hellip; <\/p>\n<p class=\"link-more\"><a href=\"https:\/\/nuam.usn.no\/index.php\/aktuelle-prosjekter\/\" class=\"more-link btn btn-default\" title=\"Aktuelle prosjekter\" data-toggle=\"tooltip\" data-placement=\"bottom\" aria-hidden=\"true\"><span class=\"fa fa-eye\"><\/span> Continue reading<\/a><\/p>\n","protected":false},"author":1,"featured_media":565,"parent":0,"menu_order":0,"comment_status":"open","ping_status":"closed","template":"","meta":{"footnotes":""},"class_list":["post-549","page","type-page","status-publish","has-post-thumbnail","hentry"],"_links":{"self":[{"href":"https:\/\/nuam.usn.no\/index.php\/wp-json\/wp\/v2\/pages\/549","targetHints":{"allow":["GET"]}}],"collection":[{"href":"https:\/\/nuam.usn.no\/index.php\/wp-json\/wp\/v2\/pages"}],"about":[{"href":"https:\/\/nuam.usn.no\/index.php\/wp-json\/wp\/v2\/types\/page"}],"author":[{"embeddable":true,"href":"https:\/\/nuam.usn.no\/index.php\/wp-json\/wp\/v2\/users\/1"}],"replies":[{"embeddable":true,"href":"https:\/\/nuam.usn.no\/index.php\/wp-json\/wp\/v2\/comments?post=549"}],"version-history":[{"count":19,"href":"https:\/\/nuam.usn.no\/index.php\/wp-json\/wp\/v2\/pages\/549\/revisions"}],"predecessor-version":[{"id":952,"href":"https:\/\/nuam.usn.no\/index.php\/wp-json\/wp\/v2\/pages\/549\/revisions\/952"}],"wp:featuredmedia":[{"embeddable":true,"href":"https:\/\/nuam.usn.no\/index.php\/wp-json\/wp\/v2\/media\/565"}],"wp:attachment":[{"href":"https:\/\/nuam.usn.no\/index.php\/wp-json\/wp\/v2\/media?parent=549"}],"curies":[{"name":"wp","href":"https:\/\/api.w.org\/{rel}","templated":true}]}}