{"id":859,"date":"2021-04-22T08:30:43","date_gmt":"2021-04-22T07:30:43","guid":{"rendered":"https:\/\/nuam.usn.no\/?page_id=859"},"modified":"2021-04-30T08:18:46","modified_gmt":"2021-04-30T07:18:46","slug":"de-viktigste-teknologiske-krav-for-trygg-og-sikker-bruk-av-droner-innen-uam","status":"publish","type":"page","link":"https:\/\/nuam.usn.no\/index.php\/de-viktigste-teknologiske-krav-for-trygg-og-sikker-bruk-av-droner-innen-uam\/","title":{"rendered":"De viktigste teknologiske krav for trygg og sikker bruk av droner innen UAM"},"content":{"rendered":"\n<h1 class=\"has-text-align-center has-vivid-cyan-blue-color has-text-color has-huge-font-size wp-block-heading\">\u00c5pent webinar 29. april 2021 kl 12:30 <\/h1>\n\n\n\n<h2 class=\"has-vivid-cyan-blue-color has-text-color wp-block-heading\"><br>Program:<\/h2>\n\n\n\n<p><\/p>\n\n\n<ul id=\"block-4a5ccad1-c1e5-4fef-a025-0b1f67eddff1\" class=\"block-editor-rich-text__editable block-editor-block-list__block wp-block is-selected rich-text\" tabindex=\"0\" role=\"group\" contenteditable=\"true\" aria-multiline=\"true\" aria-label=\"Block: List\" data-block=\"4a5ccad1-c1e5-4fef-a025-0b1f67eddff1\" data-type=\"core\/list\" data-title=\"List\">\n<li><b>Velkommen v\/David Olaussen Universitetet i S\u00f8r\u00f8st-Norge<\/b><\/li>\n<li><strong>Radionor Communication AS &#8211; \u00d8ystein Pedersen, Business Development Manager<\/strong><br><em><strong>H\u00f8yhastighets kommunikasjon med UAV-er<\/strong><\/em><\/li>\n<li><strong>SINTEF Digital \u2013 Aksel Andreas Transeth, senior scientist<\/strong><br data-rich-text-line-break=\"true\"><em><strong>Autonome droner for ekstern inspeksjon p\u00e5 h\u00f8yspennings elektriske transformatorstasjoner<\/strong><\/em><\/li>\n<li><strong>Weibel Scientific &#8211; Thomas \u00d8iseth Munkholm<\/strong><br><strong><em>Safety in the skies<\/em><\/strong><\/li>\n<li><strong data-rich-text-format-boundary=\"true\">Green Flyway \u2013 Kjetil B. Mathisen, Project Manager<br data-rich-text-line-break=\"true\"><em>Green Flyway er en unik testarena for elektriske fly, UAS, ATS og bakkest\u00f8tte<\/em><\/strong><\/li>\n<li><strong data-rich-text-format-boundary=\"true\">Institutt&nbsp;for Energiteknikk (IFE), Norway &#8211; Thomas Thoresen, Research Scientist<br data-rich-text-line-break=\"true\"><em>Menneskelige og organisatoriske aspekter ved UAM<\/em><\/strong><\/li>\n<li><strong>Avslutning og oppsummering v\/David Olaussen<\/strong><\/li>\n<\/ul>\n<p>P\u00e5melding og ytterligere informasjon <span style=\"color: #0000ff;\"><strong>(Stengt)<\/strong><\/span><\/p>\n\n\n<hr class=\"wp-block-separator\"\/>\n\n\n\n<p class=\"has-text-align-center has-large-font-size\"><strong>Kopi av presentasjonene og opptak<\/strong><\/p>\n\n\n<ol>\n<li><a href=\"https:\/\/nuam.usn.no\/wp-content\/uploads\/2021\/04\/2021-04-29-Radionor-Oystein-Pedersen-Urban-Air-Mobility.pdf\" target=\"_blank\" rel=\"noopener\">2021-04-29 Radionor &#8211; \u00d8ystein Pedersen &#8211; H\u00f8yhastighets Kommunikasjon for UAVer<\/a><\/li>\n<li><a href=\"https:\/\/nuam.usn.no\/wp-content\/uploads\/2021\/04\/2021-04-29-SINTEF-Aksel-A.-Transeth-Trafodroneprosjekt.pdf\" target=\"_blank\" rel=\"noopener\">2021-04-29 SINTEF &#8211; Aksel A. Transeth &#8211; Trafodroneprosjekt<\/a><\/li>\n<li><a href=\"https:\/\/nuam.usn.no\/wp-content\/uploads\/2021\/04\/2021-04-29-Weibel-Thomas-Munkholm-Presentation-Urban-Air-Mobility-Norway_No-video.pdf\" target=\"_blank\" rel=\"noopener\">2021-04-29 Weibel &#8211; Thomas Munkholm &#8211; Presentation Urban Air Mobility Norway_No video<\/a><\/li>\n<li><a href=\"https:\/\/nuam.usn.no\/wp-content\/uploads\/2021\/04\/2021-04-29-GreenFlyway-Kjetil-B.-Mathisen.pdf\" target=\"_blank\" rel=\"noopener\">2021-04-29 GreenFlyway &#8211; Kjetil B. Mathisen<\/a><\/li>\n<li><a href=\"https:\/\/nuam.usn.no\/wp-content\/uploads\/2021\/04\/2021-04-29-IFE-Thomas-Thoresen-Menneskelige-og-organisatoriske-aspekter-ved-UAM.pdf\" target=\"_blank\" rel=\"noopener\">2021-04-29 IFE &#8211; Thomas Thoresen &#8211; Menneskelige og organisatoriske aspekter ved UAM<\/a><\/li>\n<\/ol>\n\n\n<hr class=\"wp-block-separator\"\/>\n\n\n\n<figure class=\"wp-block-video\"><video height=\"1440\" style=\"aspect-ratio: 2560 \/ 1440;\" width=\"2560\" controls poster=\"https:\/\/nuam.usn.no\/wp-content\/uploads\/2021\/04\/iStock-890004548-drone.jpg\" src=\"https:\/\/nuam.usn.no\/wp-content\/uploads\/2021\/04\/zoom_0.mp4\"><\/video><figcaption>Opptak av NUAM Webinar #2 2021-04-29<\/figcaption><\/figure>\n\n\n\n<hr class=\"wp-block-separator\"\/>\n","protected":false},"excerpt":{"rendered":"<p>\u00c5pent webinar 29. april 2021 kl 12:30 Program: Velkommen v\/David Olaussen Universitetet i S\u00f8r\u00f8st-Norge Radionor Communication AS &#8211; \u00d8ystein Pedersen, Business Development ManagerH\u00f8yhastighets kommunikasjon med UAV-er SINTEF Digital \u2013 Aksel Andreas Transeth, senior scientistAutonome droner for ekstern inspeksjon p\u00e5 h\u00f8yspennings elektriske transformatorstasjoner Weibel Scientific &#8211; Thomas \u00d8iseth MunkholmSafety in the skies Green Flyway \u2013 Kjetil B. Mathisen, Project ManagerGreen Flyway er en unik testarena for elektriske fly, UAS, ATS og bakkest\u00f8tte Institutt&nbsp;for Energiteknikk (IFE), Norway &hellip; <\/p>\n<p class=\"link-more\"><a href=\"https:\/\/nuam.usn.no\/index.php\/de-viktigste-teknologiske-krav-for-trygg-og-sikker-bruk-av-droner-innen-uam\/\" class=\"more-link btn btn-default\" title=\"De viktigste teknologiske krav for trygg og sikker bruk av droner innen UAM\" data-toggle=\"tooltip\" data-placement=\"bottom\" aria-hidden=\"true\"><span class=\"fa fa-eye\"><\/span> Continue reading<\/a><\/p>\n","protected":false},"author":1,"featured_media":871,"parent":0,"menu_order":0,"comment_status":"closed","ping_status":"closed","template":"","meta":{"footnotes":""},"class_list":["post-859","page","type-page","status-publish","has-post-thumbnail","hentry"],"_links":{"self":[{"href":"https:\/\/nuam.usn.no\/index.php\/wp-json\/wp\/v2\/pages\/859","targetHints":{"allow":["GET"]}}],"collection":[{"href":"https:\/\/nuam.usn.no\/index.php\/wp-json\/wp\/v2\/pages"}],"about":[{"href":"https:\/\/nuam.usn.no\/index.php\/wp-json\/wp\/v2\/types\/page"}],"author":[{"embeddable":true,"href":"https:\/\/nuam.usn.no\/index.php\/wp-json\/wp\/v2\/users\/1"}],"replies":[{"embeddable":true,"href":"https:\/\/nuam.usn.no\/index.php\/wp-json\/wp\/v2\/comments?post=859"}],"version-history":[{"count":16,"href":"https:\/\/nuam.usn.no\/index.php\/wp-json\/wp\/v2\/pages\/859\/revisions"}],"predecessor-version":[{"id":937,"href":"https:\/\/nuam.usn.no\/index.php\/wp-json\/wp\/v2\/pages\/859\/revisions\/937"}],"wp:featuredmedia":[{"embeddable":true,"href":"https:\/\/nuam.usn.no\/index.php\/wp-json\/wp\/v2\/media\/871"}],"wp:attachment":[{"href":"https:\/\/nuam.usn.no\/index.php\/wp-json\/wp\/v2\/media?parent=859"}],"curies":[{"name":"wp","href":"https:\/\/api.w.org\/{rel}","templated":true}]}}