{"id":974,"date":"2021-05-04T09:17:03","date_gmt":"2021-05-04T08:17:03","guid":{"rendered":"https:\/\/nuam.usn.no\/?page_id=974"},"modified":"2021-06-18T12:16:55","modified_gmt":"2021-06-18T11:16:55","slug":"webinar-3-brukere-og-behov-i-et-fremtidig-integrert-uam-miljo","status":"publish","type":"page","link":"https:\/\/nuam.usn.no\/index.php\/webinarer-om-uam\/webinar-3-brukere-og-behov-i-et-fremtidig-integrert-uam-miljo\/","title":{"rendered":"Urban Air Mobility &#8211; en ny kostnadseffektiv og kliman\u00f8ytral luftfart"},"content":{"rendered":"\n<figure class=\"wp-block-image size-large\"><img loading=\"lazy\" decoding=\"async\" width=\"1024\" height=\"345\" src=\"https:\/\/nuam.usn.no\/wp-content\/uploads\/2021\/06\/iStock-890004548-drone_Narrow-1024x345.jpg\" alt=\"\" class=\"wp-image-1034\" srcset=\"https:\/\/nuam.usn.no\/wp-content\/uploads\/2021\/06\/iStock-890004548-drone_Narrow-1024x345.jpg 1024w, https:\/\/nuam.usn.no\/wp-content\/uploads\/2021\/06\/iStock-890004548-drone_Narrow-300x101.jpg 300w, https:\/\/nuam.usn.no\/wp-content\/uploads\/2021\/06\/iStock-890004548-drone_Narrow-768x259.jpg 768w, https:\/\/nuam.usn.no\/wp-content\/uploads\/2021\/06\/iStock-890004548-drone_Narrow-1536x517.jpg 1536w, https:\/\/nuam.usn.no\/wp-content\/uploads\/2021\/06\/iStock-890004548-drone_Narrow-2048x690.jpg 2048w\" sizes=\"auto, (max-width: 1024px) 100vw, 1024px\" \/><\/figure>\n\n\n\n<h1 class=\"has-text-align-center has-large-font-size wp-block-heading\" id=\"block-ead083ee-6119-4327-94a6-359aeedf41c2\">\u00c5pent webinar 9. juni 2021 kl 13:00<\/h1>\n\n\n\n<p>Utviklingen innen bruk av droner til \u00e5 l\u00f8se tekniske, transport og andre samfunnsmessige kritiske oppgaver skjer med rasende fart. B\u00e5de luftfartsmyndigheter og produsenter utvikler stadig nye l\u00f8sninger for \u00e5 regulere og st\u00f8tte bruken av droner slik at de kan operere autonomt med like h\u00f8ye krav til sikkerhet som vi finner i \u00f8vrig luftfart i dag. Ved \u00e5 innf\u00f8re selvstyrte luftfart\u00f8yer for trafikk i lavt luftrom, vil vi v\u00e6re i stand til i fremtiden \u00e5 l\u00f8se langt flere oppgaver p\u00e5 en mer fleksibel m\u00e5te.<\/p>\n\n\n\n<p>Vi har i dette webinaret samlet en knippe eksperter innen forskjellige omr\u00e5der som dekker fremtidige brukerbehov, samt utvikling av nye l\u00f8sninger for kontroll, overv\u00e5kning og sikkerhet. Norge har en enest\u00e5ende spisskompetanse til \u00e5 delta i UAM-utviklingen.<\/p>\n\n\n\n<h2 class=\"has-text-align-center wp-block-heading\" id=\"block-0075be97-2bef-428e-86ce-42701c8733ba\"><strong>Program:<\/strong><\/h2>\n\n\n<ol>\n<li><strong>Velkommen<br \/><\/strong>David Olaussen, NUAM<br \/>&#8211;<\/li>\n<li><strong>SESAR AURA \u2013 A collaborative concept for the interaction of manned and unmanned airspace users<br \/><\/strong>Markus Brachner, Research Scientist, SINTEF Digital<br \/><em><em>Every major city has one or more airports in its vicinity that establish restrictions on access to their airspace. These limitations may affect the neighbouring city&#8217;s airspace, which has knock-on effects for the development of urban air mobility. The project AURA, funded by the SESAR Joint Undertaking under the EU Horizon 2020 programme, with a consortium composed of air navigation service providers, technology suppliers, and leading research organizations from all over Europe addresses this interaction between ATM and UTM, working on the definition of a collaborative ATM-UTM Concept of Operations that go beyond the existing concepts developed for U-space. The talk will give an overview over the project, and provide a preview, how future U-Space users may interact with manned aviation.<br \/>Presentasjon: \u00a0<a href=\"https:\/\/nuam.usn.no\/wp-content\/uploads\/2021\/06\/SESAR-AURA-\u2013-A-collaborative-concept-for-the-interaction-of-manned-and-unmanned-airspace-users-1.pdf\">SESAR AURA \u2013 A collaborative concept for the interaction of manned and unmanned airspace users<\/a><br \/>&#8211;<\/em><\/em><\/li>\n<li><strong>Dronelogistikk i Norge \u2013 Hva skal til for \u00e5 lykkes?<br \/><\/strong>Anders Martinsen, CEO UAS Norway<br \/>&#8211;<\/li>\n<li><strong>FUTURE MOBILITY\u00a0<br \/><\/strong>Luke Jenkinson, Managing Partner Elire MG<br \/><em>Elire MG have positioned to commercialise the world&#8217;s next innovative future mobility solutions. We are dedicated to a sustainable future.<br \/>Presentasjon: <a href=\"https:\/\/nuam.usn.no\/wp-content\/uploads\/2021\/06\/Elire_slide-deck_NUAM.pdf\">Elire_slide deck_NUAM<\/a><br \/>&#8211;<\/em><\/li>\n<li><strong>Drones in healthcare \u2013 the SKY is NOT the limit!<br \/><\/strong>Karl Arne Johannessen, Dr. med. Dr. philos, Oslo Universitetssykehus<br \/>&#8211;<\/li>\n<li><strong>Autonome l\u00f8sninger innen varetransport<br \/><\/strong>Svein Sollie og Kai Just Olsen, ASKO<br \/><em>Hvordan kan autonome l\u00f8sninger benyttes i transport av varer for ASKO.<\/em><br \/><em>En presentasjon av ASKO sitt null-utslippsprosjekt ved bruk av batteridrevne autonome sj\u00f8droner og terminaltraktorer.<br \/>Presentasjon: <a href=\"https:\/\/nuam.usn.no\/index.php\/webinarer-om-uam\/webinar-3-brukere-og-behov-i-et-fremtidig-integrert-uam-miljo\/asko-veien-mot-nullutslipp-i-2026_ss_kjo-09-06-21-2\/\" rel=\"attachment wp-att-1067\">ASKO- veien mot nullutslipp i 2026_SS_KJO 09.06.21<\/a><br \/>&#8211;<\/em><\/li>\n<li><strong>Oppsummering og avslutning<br \/><\/strong>David Olaussen og Einar S\u00f8rensen, NUAM<\/li>\n<\/ol>\n\n\n<p><br><strong>NB:<\/strong> Opptak og presentasjoner er beskyttet i henhold til lov om opphavsrettigheter og kan ikke publiseres av andre uten samtykke fra NUAM og\/eller medvirkende. <br><br><\/p>\n\n\n\n<div class=\"wp-block-media-text alignwide is-stacked-on-mobile\"><figure class=\"wp-block-media-text__media\"><video controls src=\"https:\/\/nuam.usn.no\/wp-content\/uploads\/2021\/06\/Web3-Pres1-MB.mp4\"><\/video><\/figure><div class=\"wp-block-media-text__content\">\n<ul class=\"wp-block-list\"><li><strong>SESAR AURA \u2013 A collaborative concept for the interaction of manned and unmanned airspace users<br><\/strong>Markus Brachner, <br>Research Scientist, <br>SINTEF Digital<\/li><\/ul>\n<\/div><\/div>\n\n\n\n<hr class=\"wp-block-separator\"\/>\n\n\n\n<div class=\"wp-block-media-text alignwide is-stacked-on-mobile\"><figure class=\"wp-block-media-text__media\"><video controls src=\"https:\/\/nuam.usn.no\/wp-content\/uploads\/2021\/06\/Web3-Pres2-AM.mp4\"><\/video><\/figure><div class=\"wp-block-media-text__content\">\n<ul class=\"wp-block-list\"><li><strong>Dronelogistikk i Norge \u2013 Hva skal til for \u00e5 lykkes?<br><\/strong>Anders Martinsen, <br>CEO UAS Norway<\/li><\/ul>\n<\/div><\/div>\n\n\n\n<hr class=\"wp-block-separator\"\/>\n\n\n\n<div class=\"wp-block-media-text alignwide is-stacked-on-mobile\"><figure class=\"wp-block-media-text__media\"><video controls src=\"https:\/\/nuam.usn.no\/wp-content\/uploads\/2021\/06\/Web3-Pres3-LJ.mp4\"><\/video><\/figure><div class=\"wp-block-media-text__content\">\n<ul class=\"wp-block-list\"><li><strong>FUTURE MOBILITY&nbsp;<br><\/strong>Luke Jenkinson, <br>Managing Partner Elire MG<\/li><\/ul>\n<\/div><\/div>\n\n\n\n<hr class=\"wp-block-separator\"\/>\n\n\n\n<div class=\"wp-block-media-text alignwide is-stacked-on-mobile\"><figure class=\"wp-block-media-text__media\"><video controls src=\"https:\/\/nuam.usn.no\/wp-content\/uploads\/2021\/06\/Web3-Pres4-KAJ.mp4\"><\/video><\/figure><div class=\"wp-block-media-text__content\">\n<ul class=\"wp-block-list\"><li><strong>Drones in healthcare \u2013 the SKY is NOT the limit!<br><\/strong>Karl Arne Johannessen, <br>Dr. med. Dr. philos, <br>Oslo Universitetssykehus<\/li><\/ul>\n<\/div><\/div>\n\n\n\n<hr class=\"wp-block-separator\"\/>\n\n\n\n<div class=\"wp-block-media-text alignwide is-stacked-on-mobile\"><figure class=\"wp-block-media-text__media\"><video controls src=\"https:\/\/nuam.usn.no\/wp-content\/uploads\/2021\/06\/Web3-Pres5-SS-KJO.mp4\"><\/video><\/figure><div class=\"wp-block-media-text__content\">\n<ul class=\"wp-block-list\"><li><strong>Autonome l\u00f8sninger innen varetransport<br><\/strong>Svein Sollie og Kai Just Olsen, ASKO<\/li><\/ul>\n<\/div><\/div>\n","protected":false},"excerpt":{"rendered":"<p>\u00c5pent webinar 9. juni 2021 kl 13:00 Utviklingen innen bruk av droner til \u00e5 l\u00f8se tekniske, transport og andre samfunnsmessige kritiske oppgaver skjer med rasende fart. B\u00e5de luftfartsmyndigheter og produsenter utvikler stadig nye l\u00f8sninger for \u00e5 regulere og st\u00f8tte bruken av droner slik at de kan operere autonomt med like h\u00f8ye krav til sikkerhet som vi finner i \u00f8vrig luftfart i dag. Ved \u00e5 innf\u00f8re selvstyrte luftfart\u00f8yer for trafikk i lavt luftrom, vil vi v\u00e6re &hellip; <\/p>\n<p class=\"link-more\"><a href=\"https:\/\/nuam.usn.no\/index.php\/webinarer-om-uam\/webinar-3-brukere-og-behov-i-et-fremtidig-integrert-uam-miljo\/\" class=\"more-link btn btn-default\" title=\"Urban Air Mobility &#8211; en ny kostnadseffektiv og kliman\u00f8ytral luftfart\" data-toggle=\"tooltip\" data-placement=\"bottom\" aria-hidden=\"true\"><span class=\"fa fa-eye\"><\/span> Continue reading<\/a><\/p>\n","protected":false},"author":1,"featured_media":983,"parent":322,"menu_order":3,"comment_status":"closed","ping_status":"closed","template":"","meta":{"footnotes":""},"class_list":["post-974","page","type-page","status-publish","has-post-thumbnail","hentry"],"_links":{"self":[{"href":"https:\/\/nuam.usn.no\/index.php\/wp-json\/wp\/v2\/pages\/974","targetHints":{"allow":["GET"]}}],"collection":[{"href":"https:\/\/nuam.usn.no\/index.php\/wp-json\/wp\/v2\/pages"}],"about":[{"href":"https:\/\/nuam.usn.no\/index.php\/wp-json\/wp\/v2\/types\/page"}],"author":[{"embeddable":true,"href":"https:\/\/nuam.usn.no\/index.php\/wp-json\/wp\/v2\/users\/1"}],"replies":[{"embeddable":true,"href":"https:\/\/nuam.usn.no\/index.php\/wp-json\/wp\/v2\/comments?post=974"}],"version-history":[{"count":35,"href":"https:\/\/nuam.usn.no\/index.php\/wp-json\/wp\/v2\/pages\/974\/revisions"}],"predecessor-version":[{"id":1113,"href":"https:\/\/nuam.usn.no\/index.php\/wp-json\/wp\/v2\/pages\/974\/revisions\/1113"}],"up":[{"embeddable":true,"href":"https:\/\/nuam.usn.no\/index.php\/wp-json\/wp\/v2\/pages\/322"}],"wp:featuredmedia":[{"embeddable":true,"href":"https:\/\/nuam.usn.no\/index.php\/wp-json\/wp\/v2\/media\/983"}],"wp:attachment":[{"href":"https:\/\/nuam.usn.no\/index.php\/wp-json\/wp\/v2\/media?parent=974"}],"curies":[{"name":"wp","href":"https:\/\/api.w.org\/{rel}","templated":true}]}}